{"id":273,"date":"2025-01-24T21:31:32","date_gmt":"2025-01-24T20:31:32","guid":{"rendered":"http:\/\/electricistaelcampello.es\/?page_id=273"},"modified":"2026-04-27T21:56:15","modified_gmt":"2026-04-27T19:56:15","slug":"merkblatt-zur-bescheinigung-der-elektroinstallation","status":"publish","type":"page","link":"http:\/\/electricistaelcampello.es\/de\/certificado-de-instalacion-electrico-boletin\/","title":{"rendered":"Zertifikate f\u00fcr Elektroinstallationen (CIE\/Bulletins)"},"content":{"rendered":"<div class=\"wp-block-columns is-layout-flex wp-container-core-columns-is-layout-28f84493 wp-block-columns-is-layout-flex\">\n<div class=\"wp-block-column is-layout-flow wp-block-column-is-layout-flow\">\n<div class=\"wp-block-media-text is-stacked-on-mobile\"><figure class=\"wp-block-media-text__media\"><img loading=\"lazy\" decoding=\"async\" width=\"550\" height=\"326\" src=\"http:\/\/electricistaelcampello.es\/wp-content\/uploads\/2025\/01\/s01-tramitacion-boletines2.jpg\" alt=\"\" class=\"wp-image-105 size-full\" srcset=\"https:\/\/electricistaelcampello.es\/wp-content\/uploads\/2025\/01\/s01-tramitacion-boletines2.jpg 550w, https:\/\/electricistaelcampello.es\/wp-content\/uploads\/2025\/01\/s01-tramitacion-boletines2-300x178.jpg 300w\" sizes=\"auto, (max-width: 550px) 100vw, 550px\" \/><\/figure><div class=\"wp-block-media-text__content\">\n<p>Die<strong>&nbsp;Elektropapier<\/strong>auch bekannt als&nbsp;<strong>Zertifikat f\u00fcr Elektroinstallation (CIE)<\/strong>ist ein offizielles Dokument, das bescheinigt, dass eine Anlage die notwendigen Voraussetzungen f\u00fcr die Versorgung erf\u00fcllt. Diese Bescheinigung wird ausgestellt von einem<strong>&nbsp;zugelassener Elektroinstallateur<\/strong>&nbsp;und ist unerl\u00e4sslich, um die Qualit\u00e4t und die Sicherheit jeder Installation in einem Geb\u00e4ude zu gew\u00e4hrleisten.<br>Wenn Sie einen neuen Liefervertrag abschlie\u00dfen oder \u00c4nderungen an einem bestehenden System vornehmen wollen, m\u00fcssen Sie diese Bescheinigung vorlegen.<\/p>\n<\/div><\/div>\n\n\n<div class=\"cozy-block-wrapper\">\n<div class=\"cozy-block-accordion icon-view-default icon-layout-fill\" id=\"cozyBlock_ddbd0d6e_9d40_4122_813f_04369c91a4a2\"><div class=\"cozy-accordion-wrapper\">\n<div class=\"cozy-block-accordion-item\" id=\"cozyBlock_ef190bcd_b551_4401_ae8a_f1c498a25854\"><div role=\"tab\" aria-expanded=\"true\"><div class=\"cozy-accordion-title\" style=\"display:flex;justify-content:space-between;align-items:center;flex-direction:row\"><h4>Wof\u00fcr ist das elektrische Bulletin gedacht?<\/h4><div class=\"accordion-icon-wrapper\"><svg width=\"16\" height=\"16\" viewbox=\"0 0 14 25\" xmlns=\"http:\/\/www.w3.org\/2000\/svg\" aria-hidden=\"true\"><path d=\"M10.8737 12.7121C10.9908 12.595 10.9908 12.405 10.8737 12.2879L1.00502 2.41924C0.887867 2.30208 0.887867 2.11213 1.00502 1.99497L1.99497 1.00502C2.11213 0.887867 2.30208 0.887867 2.41924 1.00502L13.7021 12.2879C13.8192 12.405 13.8192 12.595 13.7021 12.7121L2.41924 23.995C2.30208 24.1121 2.11213 24.1121 1.99497 23.995L1.00502 23.005C0.887867 22.8879 0.887868 22.6979 1.00503 22.5808L10.8737 12.7121Z\"><\/path><\/svg><\/div><\/div><div class=\"cozy-accordion-content\">\n<p>Die Hauptaufgabe des Elektro-Merkblatts besteht darin, zu gew\u00e4hrleisten, dass eine elektrische Anlage den geltenden Vorschriften und Normen entspricht, und zwar in Bezug auf&nbsp;<strong>Sicherheit und Energieeffizienz<\/strong>. In vielen F\u00e4llen handelt es sich um ein v\u00f6llig verbindliches Dokument, wie wir weiter unten sehen werden.<br>Das CIE kann nur von einem zugelassenen Elektroinstallateur ausgestellt werden. Dieser muss im Handelsregister der autonomen Gemeinschaft, in der die Elektroinstallation durchgef\u00fchrt wird, eingetragen sein.<br>Bevor der Elektriker das Bulletin ausstellt, f\u00fchrt er eine Pr\u00fcfung durch&nbsp;<strong>Inspektion der elektrischen Anlage<\/strong>. Bei dieser Kontrolle m\u00fcssen Sie pr\u00fcfen, ob die Anlage allen Anforderungen und Vorschriften entspricht. Wenn dies nicht der Fall ist, m\u00fcssen Sie die erforderlichen \u00c4nderungen vornehmen, bevor Sie das Dokument erhalten.<br>Es gibt eine Reihe von Situationen, in denen Sie nach der&nbsp;<strong>Zertifikat f\u00fcr Elektroinstallation<\/strong>wie zum Beispiel:&nbsp;<\/p>\n\n\n\n<ol class=\"wp-block-list\">\n<li>Al&nbsp;<strong><a href=\"https:\/\/www.repsol.es\/particulares\/asesoramiento-consumo\/como-dar-de-alta-la-luz\/\">Abschluss eines neuen Stromliefervertrags<\/a>&nbsp;<\/strong>in einer Wohnung oder einem Gesch\u00e4ftsraum.&nbsp;<\/li>\n\n\n\n<li>Bei der Durchf\u00fchrung gr\u00f6\u00dferer Arbeiten, die die Elektroinstallation betreffen.&nbsp;<\/li>\n\n\n\n<li>Wenn Sie die T\u00e4tigkeit eines in einem Geb\u00e4ude ausge\u00fcbten Unternehmens \u00e4ndern.&nbsp;<\/li>\n<\/ol>\n\n\n\n<p>In solchen F\u00e4llen will der EIC sicherstellen, dass die Anlage&nbsp;<strong>mit den geltenden Vorschriften \u00fcbereinstimmt&nbsp;<\/strong>in Fragen der Sicherheit bei der Nutzung.<\/p>\n<\/div><\/div><\/div>\n\n\n\n<div class=\"cozy-block-accordion-item\" id=\"cozyBlock_e4797de1_b28e_4c8b_873d_5f93bc730921\"><div role=\"tab\" aria-expanded=\"true\"><div class=\"cozy-accordion-title\" style=\"display:flex;justify-content:space-between;align-items:center;flex-direction:row\"><h4>Ist ein Elektroinstallationszertifikat (EIC) vorgeschrieben?<\/h4><div class=\"accordion-icon-wrapper\"><svg width=\"16\" height=\"16\" viewbox=\"0 0 14 25\" xmlns=\"http:\/\/www.w3.org\/2000\/svg\" aria-hidden=\"true\"><path d=\"M10.8737 12.7121C10.9908 12.595 10.9908 12.405 10.8737 12.2879L1.00502 2.41924C0.887867 2.30208 0.887867 2.11213 1.00502 1.99497L1.99497 1.00502C2.11213 0.887867 2.30208 0.887867 2.41924 1.00502L13.7021 12.2879C13.8192 12.405 13.8192 12.595 13.7021 12.7121L2.41924 23.995C2.30208 24.1121 2.11213 24.1121 1.99497 23.995L1.00502 23.005C0.887867 22.8879 0.887868 22.6979 1.00503 22.5808L10.8737 12.7121Z\"><\/path><\/svg><\/div><\/div><div class=\"cozy-accordion-content\">\n<p>In Spanien ist das Elektroinstallationszertifikat eine&nbsp;<strong>obligatorisches Dokument<\/strong>. Ihre Anforderungen werden durch die elektrotechnische Niederspannungsverordnung geregelt, die die Bedingungen und Vorschriften f\u00fcr elektrische Anlagen in unserem Land festlegt.<\/p>\n\n\n\n<p>Vergessen Sie nicht, dass das Fehlen eines EIC zu folgenden Konsequenzen f\u00fchren kann&nbsp;<strong>Bu\u00dfgelder und Geldstrafen<\/strong>Die Installation der Stromversorgung und die Unm\u00f6glichkeit, einen Vertrag \u00fcber die Stromversorgung abzuschlie\u00dfen oder die Installation zu legalisieren. Daher m\u00fcssen Sie unbedingt darauf achten, dass Sie diese Vorschriften in den Situationen, in denen dies erforderlich ist, einhalten.&nbsp;<\/p>\n\n\n\n<h3 class=\"wp-block-heading\">Wann ist die Vorlage dieses Dokuments obligatorisch?<\/h3>\n\n\n\n<ol class=\"wp-block-list\">\n<li><strong>Neue Einrichtungen<\/strong>Haben Sie in Ihrem Haus, in Ihren Gesch\u00e4ftsr\u00e4umen oder in einer anderen Immobilie gerade eine Stromleitung verlegt? Wenn ja, m\u00fcssen Sie einen Stromliefervertrag abschlie\u00dfen, um Strom zu erhalten, und daf\u00fcr ist die EIC zwingend erforderlich. Ohne sie k\u00f6nnen Sie nicht in der Lage sein&nbsp;<a href=\"https:\/\/www.repsol.es\/particulares\/faqs\/luz-y-gas\/como-dar-de-alta-el-contrato-de-luz-y-gas\/\"><strong>Abschluss eines Stromvertrags<\/strong><\/a>mit Ihrem Einzelh\u00e4ndler.&nbsp;<\/li>\n\n\n\n<li><strong>\u00c4nderungen<\/strong>. In einigen F\u00e4llen ist es notwendig, wesentliche \u00c4nderungen an der elektrischen Anlage vorzunehmen, z. B. im Zusammenhang mit der Verteilung der Stromkreise. In diesen F\u00e4llen muss ein neues EIC erstellt werden, um die vorgenommenen \u00c4nderungen zu best\u00e4tigen.&nbsp;<\/li>\n\n\n\n<li><strong>Zunahme der Vertragsleistung<\/strong>. Es kann vorkommen, dass die von Ihnen vereinbarte Leistung nicht ausreicht und Sie sie erh\u00f6hen m\u00fcssen. Wenn diese Erh\u00f6hung den vom Fachmann in Ihrem aktuellen EIC festgelegten H\u00f6chstwert \u00fcberschreitet, m\u00fcssen Sie ein neues Bulletin anfordern.&nbsp;<\/li>\n\n\n\n<li><strong>Regelm\u00e4\u00dfige \u00dcberpr\u00fcfung.<\/strong>&nbsp;Geb\u00e4ude, die von der Gemeinschaft genutzt werden, wie z. B. Nachbarschaftsvereinigungen, m\u00fcssen von Zeit zu Zeit inspiziert werden, und zwar alle 10 Jahre, wenn das Geb\u00e4ude weniger als 25 Jahre alt ist, und alle 5 Jahre, wenn es \u00e4lter als 25 Jahre ist. Insbesondere alle 10 Jahre, wenn das Geb\u00e4ude weniger als 25 Jahre alt ist, und alle 5 Jahre, wenn es mehr als 25 Jahre alt ist. In \u00f6ffentlichen Geb\u00e4uden wie Bars, Restaurants oder Einkaufszentren muss die Inspektion alle 5 Jahre durchgef\u00fchrt werden.&nbsp;<\/li>\n\n\n\n<li><strong>Legalisierung<\/strong>Wenn Sie eine Installation durchgef\u00fchrt haben, ohne \u00fcber eine Genehmigung zu verf\u00fcgen, oder wenn Sie kein entsprechendes Zertifikat besitzen und die Konformit\u00e4t herstellen wollen, m\u00fcssen Sie unbedingt das CIE beantragen.&nbsp;<\/li>\n\n\n\n<li><strong>Verkauf oder Vermietung von Grundst\u00fccken<\/strong>. In diesem Fall ist es wichtig, sich dar\u00fcber im Klaren zu sein, dass die Vorlage des Bulletins beim Verkauf oder bei der Vermietung einer Immobilie in Spanien nicht zwingend erforderlich ist. Es ist jedoch sehr empfehlenswert, dieses Dokument zu besitzen, um Probleme zu vermeiden und sicherzustellen, dass alles in Ordnung ist.<\/li>\n<\/ol>\n<\/div><\/div><\/div>\n\n\n\n<div class=\"cozy-block-accordion-item\" id=\"cozyBlock_67960ec9_d795_47ea_bf4f_2893ed6baa82\"><div role=\"tab\" aria-expanded=\"true\"><div class=\"cozy-accordion-title\" style=\"display:flex;justify-content:space-between;align-items:center;flex-direction:row\"><h4>Wie beantrage ich ein Elektroinstallationszertifikat (EIC) und wie viel kostet es?<\/h4><div class=\"accordion-icon-wrapper\"><svg width=\"16\" height=\"16\" viewbox=\"0 0 14 25\" xmlns=\"http:\/\/www.w3.org\/2000\/svg\" aria-hidden=\"true\"><path d=\"M10.8737 12.7121C10.9908 12.595 10.9908 12.405 10.8737 12.2879L1.00502 2.41924C0.887867 2.30208 0.887867 2.11213 1.00502 1.99497L1.99497 1.00502C2.11213 0.887867 2.30208 0.887867 2.41924 1.00502L13.7021 12.2879C13.8192 12.405 13.8192 12.595 13.7021 12.7121L2.41924 23.995C2.30208 24.1121 2.11213 24.1121 1.99497 23.995L1.00502 23.005C0.887867 22.8879 0.887868 22.6979 1.00503 22.5808L10.8737 12.7121Z\"><\/path><\/svg><\/div><\/div><div class=\"cozy-accordion-content\">\n<p>Um ein Zertifikat f\u00fcr die Elektroinstallation in Spanien zu beantragen und zu erhalten, gehen Sie wie folgt vor:&nbsp;<\/p>\n\n\n\n<ol class=\"wp-block-list\">\n<li><strong>Wenden Sie sich an einen zugelassenen Elektroinstallateur<\/strong>. Es ist wichtig, einen zertifizierten Techniker zu beauftragen, d. h. einen Techniker, der von der zust\u00e4ndigen Beh\u00f6rde anerkannt ist. Er ist f\u00fcr die Qualit\u00e4t und Sicherheit der Elektroinstallation verantwortlich. Zu diesem Zweck erstellt das Ministerium f\u00fcr Industrie, Energie und Tourismus eine Liste von Fachleuten, die f\u00fcr die Ausf\u00fchrung dieser Arbeiten zugelassen sind. Sie k\u00f6nnen Ihren Installateur auf dieser Liste oder \u00fcber Referenzen und Empfehlungen finden.&nbsp;<\/li>\n\n\n\n<li><strong>Inspektion und Vorbereitung der Bescheinigung<\/strong>. Der Installateur pr\u00fcft jeden Aspekt der Anlage im Detail, um ihren Zustand zu beurteilen und um festzustellen, ob sie den Vorschriften der elektrotechnischen Niederspannungsrichtlinie (REBT) entspricht. Wenn er zu dem Schluss kommt, dass sie alle erforderlichen Anforderungen erf\u00fcllt, stellt der Techniker die CIE aus und unterzeichnet sie.&nbsp;<\/li>\n\n\n\n<li><strong>ICN-Register<\/strong>. Sobald Sie die Bescheinigung erhalten haben, wird der Elektroinstallateur sie bei der Generaldirektion f\u00fcr Industrie, Energie und Bergbau der entsprechenden autonomen Gemeinschaft registrieren. Von diesem Zeitpunkt an ist das Dokument rechtsg\u00fcltig und es gibt einen offiziellen Nachweis f\u00fcr seine Ausstellung.&nbsp;<\/li>\n<\/ol>\n\n\n\n<p>Bitte beachten Sie, dass das Strombulletin nicht ewig g\u00fcltig ist, da es f\u00fcr einen Zeitraum von<strong>&nbsp;20 Jahre ab dem Datum der Ausstellung<\/strong>Au\u00dferdem m\u00fcssen Sie den Preis ber\u00fccksichtigen. Die&nbsp;<strong>Kosten&nbsp;<\/strong>Die Kosten f\u00fcr diese Bescheinigung h\u00e4ngen von Faktoren wie der Komplexit\u00e4t, der Gr\u00f6\u00dfe der Immobilie und dem Tarif des Elektroinstallateurs ab. Im Allgemeinen sind sie in der Regel&nbsp;<strong>zwischen 100 \u20ac und 300 \u20ac<\/strong>.<\/p>\n<\/div><\/div><\/div>\n<\/div><\/div>\n<\/div><\/div>\n<\/div>","protected":false},"excerpt":{"rendered":"<p>Das Elektro-Merkblatt, auch bekannt als Elektroinstallationszertifikat (CIE), ist ein offizielles Dokument, das bescheinigt, dass eine Installation den notwendigen Anforderungen f\u00fcr die Versorgung entspricht. Diese Bescheinigung wird von einem zugelassenen Elektroinstallateur ausgestellt und ist unerl\u00e4sslich, um die Qualit\u00e4t und Sicherheit einer Installation in einer Immobilie zu gew\u00e4hrleisten. Wenn Sie einen neuen Stromanschluss in Auftrag geben oder...<\/p>","protected":false},"author":1,"featured_media":0,"parent":0,"menu_order":0,"comment_status":"closed","ping_status":"closed","template":"","meta":{"footnotes":""},"class_list":["post-273","page","type-page","status-publish","hentry"],"yoast_head":"<!-- This site is optimized with the Yoast SEO plugin v27.4 - https:\/\/yoast.com\/product\/yoast-seo-wordpress\/ -->\n<title>Certificados de Instalaci\u00f3nes El\u00e9ctricas (CIE\/Boletines) - Williams Electrics<\/title>\n<meta name=\"robots\" content=\"index, follow, max-snippet:-1, max-image-preview:large, max-video-preview:-1\" \/>\n<link rel=\"canonical\" href=\"https:\/\/electricistaelcampello.es\/de\/merkblatt-zur-bescheinigung-der-elektroinstallation\/\" \/>\n<meta property=\"og:locale\" content=\"de_DE\" \/>\n<meta property=\"og:type\" content=\"article\" \/>\n<meta property=\"og:title\" content=\"Certificados de Instalaci\u00f3nes El\u00e9ctricas (CIE\/Boletines) - Williams Electrics\" \/>\n<meta property=\"og:description\" content=\"El&nbsp;bolet\u00edn el\u00e9ctrico, tambi\u00e9n conocido como&nbsp;Certificado de Instalaci\u00f3n El\u00e9ctrica (CIE), es un documento oficial que acredita que una instalaci\u00f3n cumple con los requisitos necesarios para el suministro. Este certificado es emitido por un&nbsp;instalador el\u00e9ctrico autorizado&nbsp;y resulta fundamental para garantizar la calidad y seguridad de cualquier instalaci\u00f3n en un inmueble.Cuando vas a contratar un nuevo suministro o...\" \/>\n<meta property=\"og:url\" content=\"https:\/\/electricistaelcampello.es\/de\/merkblatt-zur-bescheinigung-der-elektroinstallation\/\" \/>\n<meta property=\"og:site_name\" content=\"Williams Electrics\" \/>\n<meta property=\"article:publisher\" content=\"https:\/\/www.facebook.com\/profile.php?id=61572624609208\" \/>\n<meta property=\"article:modified_time\" content=\"2026-04-27T19:56:15+00:00\" \/>\n<meta property=\"og:image\" content=\"http:\/\/electricistaelcampello.es\/wp-content\/uploads\/2025\/01\/s01-tramitacion-boletines2.jpg\" \/>\n<meta name=\"twitter:card\" content=\"summary_large_image\" \/>\n<meta name=\"twitter:label1\" content=\"Gesch\u00e4tzte Lesezeit\" \/>\n\t<meta name=\"twitter:data1\" content=\"5\u00a0Minuten\" \/>\n<script type=\"application\/ld+json\" class=\"yoast-schema-graph\">{\"@context\":\"https:\\\/\\\/schema.org\",\"@graph\":[{\"@type\":\"WebPage\",\"@id\":\"https:\\\/\\\/electricistaelcampello.es\\\/certificado-de-instalacion-electrico-boletin\\\/\",\"url\":\"https:\\\/\\\/electricistaelcampello.es\\\/certificado-de-instalacion-electrico-boletin\\\/\",\"name\":\"Certificados de Instalaci\u00f3nes El\u00e9ctricas (CIE\\\/Boletines) - Williams Electrics\",\"isPartOf\":{\"@id\":\"https:\\\/\\\/electricistaelcampello.es\\\/#website\"},\"primaryImageOfPage\":{\"@id\":\"https:\\\/\\\/electricistaelcampello.es\\\/certificado-de-instalacion-electrico-boletin\\\/#primaryimage\"},\"image\":{\"@id\":\"https:\\\/\\\/electricistaelcampello.es\\\/certificado-de-instalacion-electrico-boletin\\\/#primaryimage\"},\"thumbnailUrl\":\"http:\\\/\\\/electricistaelcampello.es\\\/wp-content\\\/uploads\\\/2025\\\/01\\\/s01-tramitacion-boletines2.jpg\",\"datePublished\":\"2025-01-24T20:31:32+00:00\",\"dateModified\":\"2026-04-27T19:56:15+00:00\",\"breadcrumb\":{\"@id\":\"https:\\\/\\\/electricistaelcampello.es\\\/certificado-de-instalacion-electrico-boletin\\\/#breadcrumb\"},\"inLanguage\":\"de\",\"potentialAction\":[{\"@type\":\"ReadAction\",\"target\":[\"https:\\\/\\\/electricistaelcampello.es\\\/certificado-de-instalacion-electrico-boletin\\\/\"]}]},{\"@type\":\"ImageObject\",\"inLanguage\":\"de\",\"@id\":\"https:\\\/\\\/electricistaelcampello.es\\\/certificado-de-instalacion-electrico-boletin\\\/#primaryimage\",\"url\":\"http:\\\/\\\/electricistaelcampello.es\\\/wp-content\\\/uploads\\\/2025\\\/01\\\/s01-tramitacion-boletines2.jpg\",\"contentUrl\":\"http:\\\/\\\/electricistaelcampello.es\\\/wp-content\\\/uploads\\\/2025\\\/01\\\/s01-tramitacion-boletines2.jpg\"},{\"@type\":\"BreadcrumbList\",\"@id\":\"https:\\\/\\\/electricistaelcampello.es\\\/certificado-de-instalacion-electrico-boletin\\\/#breadcrumb\",\"itemListElement\":[{\"@type\":\"ListItem\",\"position\":1,\"name\":\"Home\",\"item\":\"https:\\\/\\\/electricistaelcampello.es\\\/\"},{\"@type\":\"ListItem\",\"position\":2,\"name\":\"Certificados de Instalaci\u00f3nes El\u00e9ctricas (CIE\\\/Boletines)\"}]},{\"@type\":\"WebSite\",\"@id\":\"https:\\\/\\\/electricistaelcampello.es\\\/#website\",\"url\":\"https:\\\/\\\/electricistaelcampello.es\\\/\",\"name\":\"Williams Electrics\",\"description\":\"Empresa Instaladora El\u00e9ctrica \\\/ Baja Tension\",\"publisher\":{\"@id\":\"https:\\\/\\\/electricistaelcampello.es\\\/#organization\"},\"potentialAction\":[{\"@type\":\"SearchAction\",\"target\":{\"@type\":\"EntryPoint\",\"urlTemplate\":\"https:\\\/\\\/electricistaelcampello.es\\\/?s={search_term_string}\"},\"query-input\":{\"@type\":\"PropertyValueSpecification\",\"valueRequired\":true,\"valueName\":\"search_term_string\"}}],\"inLanguage\":\"de\"},{\"@type\":\"Organization\",\"@id\":\"https:\\\/\\\/electricistaelcampello.es\\\/#organization\",\"name\":\"Williams Electrics\",\"url\":\"https:\\\/\\\/electricistaelcampello.es\\\/\",\"logo\":{\"@type\":\"ImageObject\",\"inLanguage\":\"de\",\"@id\":\"https:\\\/\\\/electricistaelcampello.es\\\/#\\\/schema\\\/logo\\\/image\\\/\",\"url\":\"https:\\\/\\\/electricistaelcampello.es\\\/wp-content\\\/uploads\\\/2025\\\/02\\\/small-web-logoo.png\",\"contentUrl\":\"https:\\\/\\\/electricistaelcampello.es\\\/wp-content\\\/uploads\\\/2025\\\/02\\\/small-web-logoo.png\",\"width\":375,\"height\":91,\"caption\":\"Williams Electrics\"},\"image\":{\"@id\":\"https:\\\/\\\/electricistaelcampello.es\\\/#\\\/schema\\\/logo\\\/image\\\/\"},\"sameAs\":[\"https:\\\/\\\/www.facebook.com\\\/profile.php?id=61572624609208\"]}]}<\/script>\n<!-- \/ Yoast SEO plugin. -->","yoast_head_json":{"title":"Elektrische Installationszertifikate (CIE\/Bulletins) - Williams Electrics","robots":{"index":"index","follow":"follow","max-snippet":"max-snippet:-1","max-image-preview":"max-image-preview:large","max-video-preview":"max-video-preview:-1"},"canonical":"https:\/\/electricistaelcampello.es\/de\/merkblatt-zur-bescheinigung-der-elektroinstallation\/","og_locale":"de_DE","og_type":"article","og_title":"Certificados de Instalaci\u00f3nes El\u00e9ctricas (CIE\/Boletines) - Williams Electrics","og_description":"El&nbsp;bolet\u00edn el\u00e9ctrico, tambi\u00e9n conocido como&nbsp;Certificado de Instalaci\u00f3n El\u00e9ctrica (CIE), es un documento oficial que acredita que una instalaci\u00f3n cumple con los requisitos necesarios para el suministro. Este certificado es emitido por un&nbsp;instalador el\u00e9ctrico autorizado&nbsp;y resulta fundamental para garantizar la calidad y seguridad de cualquier instalaci\u00f3n en un inmueble.Cuando vas a contratar un nuevo suministro o...","og_url":"https:\/\/electricistaelcampello.es\/de\/merkblatt-zur-bescheinigung-der-elektroinstallation\/","og_site_name":"Williams Electrics","article_publisher":"https:\/\/www.facebook.com\/profile.php?id=61572624609208","article_modified_time":"2026-04-27T19:56:15+00:00","og_image":[{"url":"http:\/\/electricistaelcampello.es\/wp-content\/uploads\/2025\/01\/s01-tramitacion-boletines2.jpg","type":"","width":"","height":""}],"twitter_card":"summary_large_image","twitter_misc":{"Gesch\u00e4tzte Lesezeit":"5\u00a0Minuten"},"schema":{"@context":"https:\/\/schema.org","@graph":[{"@type":"WebPage","@id":"https:\/\/electricistaelcampello.es\/certificado-de-instalacion-electrico-boletin\/","url":"https:\/\/electricistaelcampello.es\/certificado-de-instalacion-electrico-boletin\/","name":"Elektrische Installationszertifikate (CIE\/Bulletins) - Williams Electrics","isPartOf":{"@id":"https:\/\/electricistaelcampello.es\/#website"},"primaryImageOfPage":{"@id":"https:\/\/electricistaelcampello.es\/certificado-de-instalacion-electrico-boletin\/#primaryimage"},"image":{"@id":"https:\/\/electricistaelcampello.es\/certificado-de-instalacion-electrico-boletin\/#primaryimage"},"thumbnailUrl":"http:\/\/electricistaelcampello.es\/wp-content\/uploads\/2025\/01\/s01-tramitacion-boletines2.jpg","datePublished":"2025-01-24T20:31:32+00:00","dateModified":"2026-04-27T19:56:15+00:00","breadcrumb":{"@id":"https:\/\/electricistaelcampello.es\/certificado-de-instalacion-electrico-boletin\/#breadcrumb"},"inLanguage":"de","potentialAction":[{"@type":"ReadAction","target":["https:\/\/electricistaelcampello.es\/certificado-de-instalacion-electrico-boletin\/"]}]},{"@type":"ImageObject","inLanguage":"de","@id":"https:\/\/electricistaelcampello.es\/certificado-de-instalacion-electrico-boletin\/#primaryimage","url":"http:\/\/electricistaelcampello.es\/wp-content\/uploads\/2025\/01\/s01-tramitacion-boletines2.jpg","contentUrl":"http:\/\/electricistaelcampello.es\/wp-content\/uploads\/2025\/01\/s01-tramitacion-boletines2.jpg"},{"@type":"BreadcrumbList","@id":"https:\/\/electricistaelcampello.es\/certificado-de-instalacion-electrico-boletin\/#breadcrumb","itemListElement":[{"@type":"ListItem","position":1,"name":"Home","item":"https:\/\/electricistaelcampello.es\/"},{"@type":"ListItem","position":2,"name":"Certificados de Instalaci\u00f3nes El\u00e9ctricas (CIE\/Boletines)"}]},{"@type":"WebSite","@id":"https:\/\/electricistaelcampello.es\/#website","url":"https:\/\/electricistaelcampello.es\/","name":"Williams Elektrik","description":"Elektroinstallationsunternehmen \/ Niederspannung","publisher":{"@id":"https:\/\/electricistaelcampello.es\/#organization"},"potentialAction":[{"@type":"SearchAction","target":{"@type":"EntryPoint","urlTemplate":"https:\/\/electricistaelcampello.es\/?s={search_term_string}"},"query-input":{"@type":"PropertyValueSpecification","valueRequired":true,"valueName":"search_term_string"}}],"inLanguage":"de"},{"@type":"Organization","@id":"https:\/\/electricistaelcampello.es\/#organization","name":"Williams Elektrik","url":"https:\/\/electricistaelcampello.es\/","logo":{"@type":"ImageObject","inLanguage":"de","@id":"https:\/\/electricistaelcampello.es\/#\/schema\/logo\/image\/","url":"https:\/\/electricistaelcampello.es\/wp-content\/uploads\/2025\/02\/small-web-logoo.png","contentUrl":"https:\/\/electricistaelcampello.es\/wp-content\/uploads\/2025\/02\/small-web-logoo.png","width":375,"height":91,"caption":"Williams Electrics"},"image":{"@id":"https:\/\/electricistaelcampello.es\/#\/schema\/logo\/image\/"},"sameAs":["https:\/\/www.facebook.com\/profile.php?id=61572624609208"]}]}},"_links":{"self":[{"href":"http:\/\/electricistaelcampello.es\/de\/wp-json\/wp\/v2\/pages\/273","targetHints":{"allow":["GET"]}}],"collection":[{"href":"http:\/\/electricistaelcampello.es\/de\/wp-json\/wp\/v2\/pages"}],"about":[{"href":"http:\/\/electricistaelcampello.es\/de\/wp-json\/wp\/v2\/types\/page"}],"author":[{"embeddable":true,"href":"http:\/\/electricistaelcampello.es\/de\/wp-json\/wp\/v2\/users\/1"}],"replies":[{"embeddable":true,"href":"http:\/\/electricistaelcampello.es\/de\/wp-json\/wp\/v2\/comments?post=273"}],"version-history":[{"count":12,"href":"http:\/\/electricistaelcampello.es\/de\/wp-json\/wp\/v2\/pages\/273\/revisions"}],"predecessor-version":[{"id":724,"href":"http:\/\/electricistaelcampello.es\/de\/wp-json\/wp\/v2\/pages\/273\/revisions\/724"}],"wp:attachment":[{"href":"http:\/\/electricistaelcampello.es\/de\/wp-json\/wp\/v2\/media?parent=273"}],"curies":[{"name":"wp","href":"https:\/\/api.w.org\/{rel}","templated":true}]}}