{"id":270,"date":"2025-01-24T21:23:51","date_gmt":"2025-01-24T20:23:51","guid":{"rendered":"http:\/\/electricistaelcampello.es\/?page_id=270"},"modified":"2025-03-23T20:09:34","modified_gmt":"2025-03-23T19:09:34","slug":"les-defauts-electriques","status":"publish","type":"page","link":"http:\/\/electricistaelcampello.es\/fr\/averias-electricas\/","title":{"rendered":"D\u00e9fauts \u00e9lectriques"},"content":{"rendered":"<div class=\"wp-block-media-text is-stacked-on-mobile is-vertically-aligned-center\" style=\"grid-template-columns:22% auto\"><figure class=\"wp-block-media-text__media\"><img loading=\"lazy\" decoding=\"async\" width=\"960\" height=\"720\" src=\"http:\/\/electricistaelcampello.es\/wp-content\/uploads\/2025\/03\/imagen_2025-03-23_180527512.png\" alt=\"\" class=\"wp-image-587 size-full\" srcset=\"https:\/\/electricistaelcampello.es\/wp-content\/uploads\/2025\/03\/imagen_2025-03-23_180527512.png 960w, https:\/\/electricistaelcampello.es\/wp-content\/uploads\/2025\/03\/imagen_2025-03-23_180527512-300x225.png 300w, https:\/\/electricistaelcampello.es\/wp-content\/uploads\/2025\/03\/imagen_2025-03-23_180527512-768x576.png 768w, https:\/\/electricistaelcampello.es\/wp-content\/uploads\/2025\/03\/imagen_2025-03-23_180527512-16x12.png 16w\" sizes=\"auto, (max-width: 960px) 100vw, 960px\" \/><\/figure><div class=\"wp-block-media-text__content\">\n<p><strong>Conducteurs br\u00fbl\u00e9s ?<\/strong><\/p>\n\n\n\n<p>Si vous avez des fils fissur\u00e9s, d\u00e9color\u00e9s ou br\u00fbl\u00e9s (partiellement ou compl\u00e8tement), appelez-nous imm\u00e9diatement. Il y a de fortes chances que votre installation \u00e9lectrique soit dangereuse. Nos \u00e9lectriciens qualifi\u00e9s seront en mesure de v\u00e9rifier, d'\u00e9valuer et de r\u00e9parer rapidement tout d\u00e9faut \u00e9lectrique afin que vous ayez l'esprit tranquille et que votre famille et votre maison soient en s\u00e9curit\u00e9.<\/p>\n<\/div><\/div>\n\n\n\n<div class=\"wp-block-media-text has-media-on-the-right is-stacked-on-mobile is-vertically-aligned-center\" style=\"grid-template-columns:auto 22%\"><div class=\"wp-block-media-text__content\">\n<p><strong>Des pannes d'\u00e9lectricit\u00e9 ?<\/strong><\/p>\n\n\n\n<p>Le d\u00e9clenchement d'un disjoncteur peut \u00eatre caus\u00e9 par divers probl\u00e8mes dans une installation \u00e9lectrique. La seule chose dont vous pouvez \u00eatre s\u00fbr, c'est que si un disjoncteur se d\u00e9clenche, c'est qu'il y a une raison et qu'il ne faut pas l'ignorer. Vous pouvez compter sur nous pour examiner votre installation et trouver la cause du probl\u00e8me.<\/p>\n<\/div><figure class=\"wp-block-media-text__media\"><img loading=\"lazy\" decoding=\"async\" width=\"420\" height=\"280\" src=\"http:\/\/electricistaelcampello.es\/wp-content\/uploads\/2025\/03\/imagen_2025-03-23_181344642.png\" alt=\"\" class=\"wp-image-588 size-full\" srcset=\"https:\/\/electricistaelcampello.es\/wp-content\/uploads\/2025\/03\/imagen_2025-03-23_181344642.png 420w, https:\/\/electricistaelcampello.es\/wp-content\/uploads\/2025\/03\/imagen_2025-03-23_181344642-300x200.png 300w, https:\/\/electricistaelcampello.es\/wp-content\/uploads\/2025\/03\/imagen_2025-03-23_181344642-18x12.png 18w\" sizes=\"auto, (max-width: 420px) 100vw, 420px\" \/><\/figure><\/div>\n\n\n\n<div class=\"wp-block-media-text is-stacked-on-mobile is-vertically-aligned-center\" style=\"grid-template-columns:15% auto\"><figure class=\"wp-block-media-text__media\"><img loading=\"lazy\" decoding=\"async\" width=\"408\" height=\"612\" src=\"http:\/\/electricistaelcampello.es\/wp-content\/uploads\/2025\/03\/imagen_2025-03-23_182620999.png\" alt=\"\" class=\"wp-image-589 size-full\" srcset=\"https:\/\/electricistaelcampello.es\/wp-content\/uploads\/2025\/03\/imagen_2025-03-23_182620999.png 408w, https:\/\/electricistaelcampello.es\/wp-content\/uploads\/2025\/03\/imagen_2025-03-23_182620999-200x300.png 200w, https:\/\/electricistaelcampello.es\/wp-content\/uploads\/2025\/03\/imagen_2025-03-23_182620999-8x12.png 8w\" sizes=\"auto, (max-width: 408px) 100vw, 408px\" \/><\/figure><div class=\"wp-block-media-text__content\">\n<p><strong>Les appareils \u00e9lectriques, les circuits d'\u00e9clairage ou les prises \u00e9lectriques ne fonctionnent pas comme pr\u00e9vu ?<\/strong><\/p>\n\n\n\n<p>Si un composant \u00e9lectrique ne fonctionne pas correctement, soyez prudent. Le probl\u00e8me peut \u00eatre aussi simple qu'une connexion desserr\u00e9e ou un appareil cass\u00e9, mais il est toujours pr\u00e9f\u00e9rable d'en conna\u00eetre la cause. N'h\u00e9sitez pas \u00e0 nous appeler pour jeter un coup d'\u0153il et \u00e9viter des r\u00e9parations plus co\u00fbteuses \u00e0 l'avenir.<\/p>\n<\/div><\/div>","protected":false},"excerpt":{"rendered":"<p>Conducteurs br\u00fbl\u00e9s ? Si vous avez des conducteurs fissur\u00e9s, d\u00e9color\u00e9s ou br\u00fbl\u00e9s (partiellement ou compl\u00e8tement), appelez-nous imm\u00e9diatement. Il y a de fortes chances que votre installation \u00e9lectrique soit dangereuse. Nos \u00e9lectriciens qualifi\u00e9s seront en mesure de v\u00e9rifier, d'\u00e9valuer et de r\u00e9parer rapidement tout d\u00e9faut \u00e9lectrique afin que vous ayez l'esprit tranquille et que votre famille et votre maison soient en s\u00e9curit\u00e9. Des pannes d'\u00e9lectricit\u00e9 ? Interrupteurs d\u00e9fectueux ?<\/p>","protected":false},"author":1,"featured_media":0,"parent":0,"menu_order":0,"comment_status":"closed","ping_status":"closed","template":"","meta":{"footnotes":""},"class_list":["post-270","page","type-page","status-publish","hentry"],"yoast_head":"<!-- This site is optimized with the Yoast SEO plugin v27.4 - https:\/\/yoast.com\/product\/yoast-seo-wordpress\/ -->\n<title>Aver\u00edas El\u00e9ctricas - Williams Electrics<\/title>\n<meta name=\"robots\" content=\"index, follow, max-snippet:-1, max-image-preview:large, max-video-preview:-1\" \/>\n<link rel=\"canonical\" href=\"https:\/\/electricistaelcampello.es\/fr\/les-defauts-electriques\/\" \/>\n<meta property=\"og:locale\" content=\"fr_FR\" \/>\n<meta property=\"og:type\" content=\"article\" \/>\n<meta property=\"og:title\" content=\"Aver\u00edas El\u00e9ctricas - Williams Electrics\" \/>\n<meta property=\"og:description\" content=\"\u00bfConductores Quemados? Si tiene cables agrietados, descoloridos o quemados (parcial o totalmente), ll\u00e1menos de inmediato. Lo m\u00e1s probable es que su instalaci\u00f3n el\u00e9ctrica no sea segura. Nuestros electricistas cualificados podr\u00e1n comprobar, evaluar y reparar r\u00e1pidamente cualquier aver\u00eda el\u00e9ctrica para garantizarle la tranquilidad de que su familia y su hogar est\u00e1n seguros. \u00bfApagones? Los interruptores saltados...\" \/>\n<meta property=\"og:url\" content=\"https:\/\/electricistaelcampello.es\/fr\/les-defauts-electriques\/\" \/>\n<meta property=\"og:site_name\" content=\"Williams Electrics\" \/>\n<meta property=\"article:publisher\" content=\"https:\/\/www.facebook.com\/profile.php?id=61572624609208\" \/>\n<meta property=\"article:modified_time\" content=\"2025-03-23T19:09:34+00:00\" \/>\n<meta property=\"og:image\" content=\"http:\/\/electricistaelcampello.es\/wp-content\/uploads\/2025\/03\/imagen_2025-03-23_180527512.png\" \/>\n<meta name=\"twitter:card\" content=\"summary_large_image\" \/>\n<meta name=\"twitter:label1\" content=\"Dur\u00e9e de lecture estim\u00e9e\" \/>\n\t<meta name=\"twitter:data1\" content=\"1 minute\" \/>\n<script type=\"application\/ld+json\" class=\"yoast-schema-graph\">{\"@context\":\"https:\\\/\\\/schema.org\",\"@graph\":[{\"@type\":\"WebPage\",\"@id\":\"https:\\\/\\\/electricistaelcampello.es\\\/averias-electricas\\\/\",\"url\":\"https:\\\/\\\/electricistaelcampello.es\\\/averias-electricas\\\/\",\"name\":\"Aver\u00edas El\u00e9ctricas - Williams Electrics\",\"isPartOf\":{\"@id\":\"https:\\\/\\\/electricistaelcampello.es\\\/#website\"},\"primaryImageOfPage\":{\"@id\":\"https:\\\/\\\/electricistaelcampello.es\\\/averias-electricas\\\/#primaryimage\"},\"image\":{\"@id\":\"https:\\\/\\\/electricistaelcampello.es\\\/averias-electricas\\\/#primaryimage\"},\"thumbnailUrl\":\"http:\\\/\\\/electricistaelcampello.es\\\/wp-content\\\/uploads\\\/2025\\\/03\\\/imagen_2025-03-23_180527512.png\",\"datePublished\":\"2025-01-24T20:23:51+00:00\",\"dateModified\":\"2025-03-23T19:09:34+00:00\",\"breadcrumb\":{\"@id\":\"https:\\\/\\\/electricistaelcampello.es\\\/averias-electricas\\\/#breadcrumb\"},\"inLanguage\":\"fr-FR\",\"potentialAction\":[{\"@type\":\"ReadAction\",\"target\":[\"https:\\\/\\\/electricistaelcampello.es\\\/averias-electricas\\\/\"]}]},{\"@type\":\"ImageObject\",\"inLanguage\":\"fr-FR\",\"@id\":\"https:\\\/\\\/electricistaelcampello.es\\\/averias-electricas\\\/#primaryimage\",\"url\":\"http:\\\/\\\/electricistaelcampello.es\\\/wp-content\\\/uploads\\\/2025\\\/03\\\/imagen_2025-03-23_180527512.png\",\"contentUrl\":\"http:\\\/\\\/electricistaelcampello.es\\\/wp-content\\\/uploads\\\/2025\\\/03\\\/imagen_2025-03-23_180527512.png\"},{\"@type\":\"BreadcrumbList\",\"@id\":\"https:\\\/\\\/electricistaelcampello.es\\\/averias-electricas\\\/#breadcrumb\",\"itemListElement\":[{\"@type\":\"ListItem\",\"position\":1,\"name\":\"Home\",\"item\":\"https:\\\/\\\/electricistaelcampello.es\\\/\"},{\"@type\":\"ListItem\",\"position\":2,\"name\":\"Aver\u00edas El\u00e9ctricas\"}]},{\"@type\":\"WebSite\",\"@id\":\"https:\\\/\\\/electricistaelcampello.es\\\/#website\",\"url\":\"https:\\\/\\\/electricistaelcampello.es\\\/\",\"name\":\"Williams Electrics\",\"description\":\"Empresa Instaladora El\u00e9ctrica \\\/ Baja Tension\",\"publisher\":{\"@id\":\"https:\\\/\\\/electricistaelcampello.es\\\/#organization\"},\"potentialAction\":[{\"@type\":\"SearchAction\",\"target\":{\"@type\":\"EntryPoint\",\"urlTemplate\":\"https:\\\/\\\/electricistaelcampello.es\\\/?s={search_term_string}\"},\"query-input\":{\"@type\":\"PropertyValueSpecification\",\"valueRequired\":true,\"valueName\":\"search_term_string\"}}],\"inLanguage\":\"fr-FR\"},{\"@type\":\"Organization\",\"@id\":\"https:\\\/\\\/electricistaelcampello.es\\\/#organization\",\"name\":\"Williams Electrics\",\"url\":\"https:\\\/\\\/electricistaelcampello.es\\\/\",\"logo\":{\"@type\":\"ImageObject\",\"inLanguage\":\"fr-FR\",\"@id\":\"https:\\\/\\\/electricistaelcampello.es\\\/#\\\/schema\\\/logo\\\/image\\\/\",\"url\":\"https:\\\/\\\/electricistaelcampello.es\\\/wp-content\\\/uploads\\\/2025\\\/02\\\/small-web-logoo.png\",\"contentUrl\":\"https:\\\/\\\/electricistaelcampello.es\\\/wp-content\\\/uploads\\\/2025\\\/02\\\/small-web-logoo.png\",\"width\":375,\"height\":91,\"caption\":\"Williams Electrics\"},\"image\":{\"@id\":\"https:\\\/\\\/electricistaelcampello.es\\\/#\\\/schema\\\/logo\\\/image\\\/\"},\"sameAs\":[\"https:\\\/\\\/www.facebook.com\\\/profile.php?id=61572624609208\"]}]}<\/script>\n<!-- \/ Yoast SEO plugin. -->","yoast_head_json":{"title":"Pannes \u00e9lectriques - Williams Electrics","robots":{"index":"index","follow":"follow","max-snippet":"max-snippet:-1","max-image-preview":"max-image-preview:large","max-video-preview":"max-video-preview:-1"},"canonical":"https:\/\/electricistaelcampello.es\/fr\/les-defauts-electriques\/","og_locale":"fr_FR","og_type":"article","og_title":"Aver\u00edas El\u00e9ctricas - Williams Electrics","og_description":"\u00bfConductores Quemados? Si tiene cables agrietados, descoloridos o quemados (parcial o totalmente), ll\u00e1menos de inmediato. Lo m\u00e1s probable es que su instalaci\u00f3n el\u00e9ctrica no sea segura. Nuestros electricistas cualificados podr\u00e1n comprobar, evaluar y reparar r\u00e1pidamente cualquier aver\u00eda el\u00e9ctrica para garantizarle la tranquilidad de que su familia y su hogar est\u00e1n seguros. \u00bfApagones? Los interruptores saltados...","og_url":"https:\/\/electricistaelcampello.es\/fr\/les-defauts-electriques\/","og_site_name":"Williams Electrics","article_publisher":"https:\/\/www.facebook.com\/profile.php?id=61572624609208","article_modified_time":"2025-03-23T19:09:34+00:00","og_image":[{"url":"http:\/\/electricistaelcampello.es\/wp-content\/uploads\/2025\/03\/imagen_2025-03-23_180527512.png","type":"","width":"","height":""}],"twitter_card":"summary_large_image","twitter_misc":{"Dur\u00e9e de lecture estim\u00e9e":"1 minute"},"schema":{"@context":"https:\/\/schema.org","@graph":[{"@type":"WebPage","@id":"https:\/\/electricistaelcampello.es\/averias-electricas\/","url":"https:\/\/electricistaelcampello.es\/averias-electricas\/","name":"Pannes \u00e9lectriques - Williams Electrics","isPartOf":{"@id":"https:\/\/electricistaelcampello.es\/#website"},"primaryImageOfPage":{"@id":"https:\/\/electricistaelcampello.es\/averias-electricas\/#primaryimage"},"image":{"@id":"https:\/\/electricistaelcampello.es\/averias-electricas\/#primaryimage"},"thumbnailUrl":"http:\/\/electricistaelcampello.es\/wp-content\/uploads\/2025\/03\/imagen_2025-03-23_180527512.png","datePublished":"2025-01-24T20:23:51+00:00","dateModified":"2025-03-23T19:09:34+00:00","breadcrumb":{"@id":"https:\/\/electricistaelcampello.es\/averias-electricas\/#breadcrumb"},"inLanguage":"fr-FR","potentialAction":[{"@type":"ReadAction","target":["https:\/\/electricistaelcampello.es\/averias-electricas\/"]}]},{"@type":"ImageObject","inLanguage":"fr-FR","@id":"https:\/\/electricistaelcampello.es\/averias-electricas\/#primaryimage","url":"http:\/\/electricistaelcampello.es\/wp-content\/uploads\/2025\/03\/imagen_2025-03-23_180527512.png","contentUrl":"http:\/\/electricistaelcampello.es\/wp-content\/uploads\/2025\/03\/imagen_2025-03-23_180527512.png"},{"@type":"BreadcrumbList","@id":"https:\/\/electricistaelcampello.es\/averias-electricas\/#breadcrumb","itemListElement":[{"@type":"ListItem","position":1,"name":"Home","item":"https:\/\/electricistaelcampello.es\/"},{"@type":"ListItem","position":2,"name":"Aver\u00edas El\u00e9ctricas"}]},{"@type":"WebSite","@id":"https:\/\/electricistaelcampello.es\/#website","url":"https:\/\/electricistaelcampello.es\/","name":"Williams Electrics","description":"Entreprise d'installation \u00e9lectrique \/ Basse tension","publisher":{"@id":"https:\/\/electricistaelcampello.es\/#organization"},"potentialAction":[{"@type":"SearchAction","target":{"@type":"EntryPoint","urlTemplate":"https:\/\/electricistaelcampello.es\/?s={search_term_string}"},"query-input":{"@type":"PropertyValueSpecification","valueRequired":true,"valueName":"search_term_string"}}],"inLanguage":"fr-FR"},{"@type":"Organization","@id":"https:\/\/electricistaelcampello.es\/#organization","name":"Williams Electrics","url":"https:\/\/electricistaelcampello.es\/","logo":{"@type":"ImageObject","inLanguage":"fr-FR","@id":"https:\/\/electricistaelcampello.es\/#\/schema\/logo\/image\/","url":"https:\/\/electricistaelcampello.es\/wp-content\/uploads\/2025\/02\/small-web-logoo.png","contentUrl":"https:\/\/electricistaelcampello.es\/wp-content\/uploads\/2025\/02\/small-web-logoo.png","width":375,"height":91,"caption":"Williams Electrics"},"image":{"@id":"https:\/\/electricistaelcampello.es\/#\/schema\/logo\/image\/"},"sameAs":["https:\/\/www.facebook.com\/profile.php?id=61572624609208"]}]}},"_links":{"self":[{"href":"http:\/\/electricistaelcampello.es\/fr\/wp-json\/wp\/v2\/pages\/270","targetHints":{"allow":["GET"]}}],"collection":[{"href":"http:\/\/electricistaelcampello.es\/fr\/wp-json\/wp\/v2\/pages"}],"about":[{"href":"http:\/\/electricistaelcampello.es\/fr\/wp-json\/wp\/v2\/types\/page"}],"author":[{"embeddable":true,"href":"http:\/\/electricistaelcampello.es\/fr\/wp-json\/wp\/v2\/users\/1"}],"replies":[{"embeddable":true,"href":"http:\/\/electricistaelcampello.es\/fr\/wp-json\/wp\/v2\/comments?post=270"}],"version-history":[{"count":4,"href":"http:\/\/electricistaelcampello.es\/fr\/wp-json\/wp\/v2\/pages\/270\/revisions"}],"predecessor-version":[{"id":591,"href":"http:\/\/electricistaelcampello.es\/fr\/wp-json\/wp\/v2\/pages\/270\/revisions\/591"}],"wp:attachment":[{"href":"http:\/\/electricistaelcampello.es\/fr\/wp-json\/wp\/v2\/media?parent=270"}],"curies":[{"name":"wp","href":"https:\/\/api.w.org\/{rel}","templated":true}]}}