{"id":273,"date":"2025-01-24T21:31:32","date_gmt":"2025-01-24T20:31:32","guid":{"rendered":"http:\/\/electricistaelcampello.es\/?page_id=273"},"modified":"2026-04-27T21:56:15","modified_gmt":"2026-04-27T19:56:15","slug":"bulletin-dattestation-dinstallation-electrique","status":"publish","type":"page","link":"http:\/\/electricistaelcampello.es\/fr\/certificado-de-instalacion-electrico-boletin\/","title":{"rendered":"Certificats d'installation \u00e9lectrique (CIE\/Bulletins)"},"content":{"rendered":"<div class=\"wp-block-columns is-layout-flex wp-container-core-columns-is-layout-28f84493 wp-block-columns-is-layout-flex\">\n<div class=\"wp-block-column is-layout-flow wp-block-column-is-layout-flow\">\n<div class=\"wp-block-media-text is-stacked-on-mobile\"><figure class=\"wp-block-media-text__media\"><img loading=\"lazy\" decoding=\"async\" width=\"550\" height=\"326\" src=\"http:\/\/electricistaelcampello.es\/wp-content\/uploads\/2025\/01\/s01-tramitacion-boletines2.jpg\" alt=\"\" class=\"wp-image-105 size-full\" srcset=\"https:\/\/electricistaelcampello.es\/wp-content\/uploads\/2025\/01\/s01-tramitacion-boletines2.jpg 550w, https:\/\/electricistaelcampello.es\/wp-content\/uploads\/2025\/01\/s01-tramitacion-boletines2-300x178.jpg 300w\" sizes=\"auto, (max-width: 550px) 100vw, 550px\" \/><\/figure><div class=\"wp-block-media-text__content\">\n<p>Le<strong>&nbsp;bulletin \u00e9lectrique<\/strong>\u00e9galement connu sous le nom de&nbsp;<strong>Certificat d'installation \u00e9lectrique (CIE)<\/strong>est un document officiel qui certifie qu'une installation est conforme aux exigences n\u00e9cessaires \u00e0 la fourniture. Ce certificat est d\u00e9livr\u00e9 par un<strong>&nbsp;installateur \u00e9lectrique agr\u00e9\u00e9<\/strong>&nbsp;et est essentiel pour assurer la qualit\u00e9 et la s\u00e9curit\u00e9 de toute installation dans un b\u00e2timent.<br>Lorsque vous allez contracter un nouvel approvisionnement ou que vous devez apporter des modifications au syst\u00e8me existant, il est obligatoire de pr\u00e9senter ce certificat.<\/p>\n<\/div><\/div>\n\n\n<div class=\"cozy-block-wrapper\">\n<div class=\"cozy-block-accordion icon-view-default icon-layout-fill\" id=\"cozyBlock_ddbd0d6e_9d40_4122_813f_04369c91a4a2\"><div class=\"cozy-accordion-wrapper\">\n<div class=\"cozy-block-accordion-item\" id=\"cozyBlock_ef190bcd_b551_4401_ae8a_f1c498a25854\"><div role=\"tab\" aria-expanded=\"true\"><div class=\"cozy-accordion-title\" style=\"display:flex;justify-content:space-between;align-items:center;flex-direction:row\"><h4>\u00c0 quoi sert le bulletin d'\u00e9lectricit\u00e9 ?<\/h4><div class=\"accordion-icon-wrapper\"><svg width=\"16\" height=\"16\" viewbox=\"0 0 14 25\" xmlns=\"http:\/\/www.w3.org\/2000\/svg\" aria-hidden=\"true\"><path d=\"M10.8737 12.7121C10.9908 12.595 10.9908 12.405 10.8737 12.2879L1.00502 2.41924C0.887867 2.30208 0.887867 2.11213 1.00502 1.99497L1.99497 1.00502C2.11213 0.887867 2.30208 0.887867 2.41924 1.00502L13.7021 12.2879C13.8192 12.405 13.8192 12.595 13.7021 12.7121L2.41924 23.995C2.30208 24.1121 2.11213 24.1121 1.99497 23.995L1.00502 23.005C0.887867 22.8879 0.887868 22.6979 1.00503 22.5808L10.8737 12.7121Z\"><\/path><\/svg><\/div><\/div><div class=\"cozy-accordion-content\">\n<p>La fonction principale du bulletin \u00e9lectrique est de garantir qu'une installation \u00e9lectrique est conforme aux r\u00e9glementations et normes en vigueur en ce qui concerne&nbsp;<strong>la s\u00e9curit\u00e9 et l'efficacit\u00e9 \u00e9nerg\u00e9tique<\/strong>. Dans de nombreux cas, il s'agit d'un document totalement contraignant, comme nous le verrons plus loin.<br>La CIE ne peut \u00eatre d\u00e9livr\u00e9e que par un installateur \u00e9lectrique habilit\u00e9. Il doit \u00eatre inscrit au registre industriel correspondant \u00e0 la communaut\u00e9 autonome o\u00f9 l'installation \u00e9lectrique est r\u00e9alis\u00e9e.<br>Avant d'\u00e9mettre le bulletin, l'\u00e9lectricien effectue un&nbsp;<strong>inspection du systeme electrique<\/strong>. Lors de ce contr\u00f4le, vous devez v\u00e9rifier si l'installation est conforme \u00e0 toutes les exigences et r\u00e9glementations. Si ce n'est pas le cas, il faudra effectuer les modifications n\u00e9cessaires avant d'obtenir le document.<br>Il existe un certain nombre de situations dans lesquelles on vous demandera de fournir les informations suivantes&nbsp;<strong>Certificat d'installation \u00e9lectrique<\/strong>par exemple :&nbsp;<\/p>\n\n\n\n<ol class=\"wp-block-list\">\n<li>Al&nbsp;<strong><a href=\"https:\/\/www.repsol.es\/particulares\/asesoramiento-consumo\/como-dar-de-alta-la-luz\/\">la passation d'un nouveau contrat de fourniture d'\u00e9lectricit\u00e9<\/a>&nbsp;<\/strong>dans un logement ou un local commercial.&nbsp;<\/li>\n\n\n\n<li>Lors de travaux importants affectant l'installation \u00e9lectrique.&nbsp;<\/li>\n\n\n\n<li>Lorsque vous changez l'activit\u00e9 d'une entreprise exerc\u00e9e dans un local.&nbsp;<\/li>\n<\/ol>\n\n\n\n<p>Dans ces cas, l'EIC vise \u00e0 garantir que l'installation&nbsp;<strong>est conforme \u00e0 la r\u00e9glementation en vigueur&nbsp;<\/strong>en mati\u00e8re de s\u00e9curit\u00e9 d'utilisation.<\/p>\n<\/div><\/div><\/div>\n\n\n\n<div class=\"cozy-block-accordion-item\" id=\"cozyBlock_e4797de1_b28e_4c8b_873d_5f93bc730921\"><div role=\"tab\" aria-expanded=\"true\"><div class=\"cozy-accordion-title\" style=\"display:flex;justify-content:space-between;align-items:center;flex-direction:row\"><h4>Est-il obligatoire d'avoir un certificat d'installation \u00e9lectrique (CIE) ?<\/h4><div class=\"accordion-icon-wrapper\"><svg width=\"16\" height=\"16\" viewbox=\"0 0 14 25\" xmlns=\"http:\/\/www.w3.org\/2000\/svg\" aria-hidden=\"true\"><path d=\"M10.8737 12.7121C10.9908 12.595 10.9908 12.405 10.8737 12.2879L1.00502 2.41924C0.887867 2.30208 0.887867 2.11213 1.00502 1.99497L1.99497 1.00502C2.11213 0.887867 2.30208 0.887867 2.41924 1.00502L13.7021 12.2879C13.8192 12.405 13.8192 12.595 13.7021 12.7121L2.41924 23.995C2.30208 24.1121 2.11213 24.1121 1.99497 23.995L1.00502 23.005C0.887867 22.8879 0.887868 22.6979 1.00503 22.5808L10.8737 12.7121Z\"><\/path><\/svg><\/div><\/div><div class=\"cozy-accordion-content\">\n<p>En Espagne, le certificat d'installation \u00e9lectrique est un&nbsp;<strong>document obligatoire<\/strong>. Ses exigences sont r\u00e9gies par le r\u00e8glement \u00e9lectrotechnique sur la basse tension, qui \u00e9tablit les conditions et les r\u00e8gles pour les installations \u00e9lectriques dans notre pays.<\/p>\n\n\n\n<p>N'oubliez pas que l'absence d'EIC peut entra\u00eener les cons\u00e9quences suivantes&nbsp;<strong>amendes et sanctions financi\u00e8res<\/strong>et l'impossibilit\u00e9 de contracter la fourniture d'\u00e9lectricit\u00e9 ou de l\u00e9galiser l'installation. Il est donc essentiel de veiller \u00e0 respecter ces r\u00e9glementations dans les situations qui l'exigent.&nbsp;<\/p>\n\n\n\n<h3 class=\"wp-block-heading\">Quand ce document est-il obligatoire ?<\/h3>\n\n\n\n<ol class=\"wp-block-list\">\n<li><strong>Nouvelles installations<\/strong>Vous venez de r\u00e9aliser l'installation \u00e9lectrique de votre logement, de votre local professionnel ou de tout autre type de bien ? Si c'est le cas, vous devez souscrire un contrat de fourniture pour recevoir de l'\u00e9lectricit\u00e9 et, pour cela, l'EIC est obligatoire. Sans elle, vous ne pourrez pas&nbsp;<a href=\"https:\/\/www.repsol.es\/particulares\/faqs\/luz-y-gas\/como-dar-de-alta-el-contrato-de-luz-y-gas\/\"><strong>souscrire un contrat d'\u00e9lectricit\u00e9<\/strong><\/a>avec votre revendeur.&nbsp;<\/li>\n\n\n\n<li><strong>Changements<\/strong>. Dans certains cas, il est n\u00e9cessaire d'apporter des modifications substantielles au syst\u00e8me \u00e9lectrique, par exemple celles li\u00e9es \u00e0 la distribution des circuits. Dans ces cas, il sera indispensable de faire un nouvel EIC pour ent\u00e9riner les mises \u00e0 jour effectu\u00e9es.&nbsp;<\/li>\n\n\n\n<li><strong>Augmentation de la puissance souscrite<\/strong>. Parfois, la puissance que vous avez contract\u00e9e n'est pas suffisante et vous devez l'augmenter. Si cette augmentation d\u00e9passe le maximum fix\u00e9 par le professionnel dans votre EIC actuel, vous devrez obtenir un nouveau bulletin.&nbsp;<\/li>\n\n\n\n<li><strong>R\u00e9vision p\u00e9riodique.<\/strong>&nbsp;Les b\u00e2timents \u00e0 usage communautaire, tels que les associations de quartier, doivent \u00eatre inspect\u00e9s de temps \u00e0 autre, en particulier tous les 10 ans si le b\u00e2timent a moins de 25 ans et tous les 5 ans s'il a plus de 25 ans. Dans les locaux publics, tels que les bars, les restaurants ou les centres commerciaux, l'inspection doit \u00eatre effectu\u00e9e tous les 5 ans.&nbsp;<\/li>\n\n\n\n<li><strong>L\u00e9galisation<\/strong>Si vous avez r\u00e9alis\u00e9 une installation sans y \u00eatre autoris\u00e9 ou si vous ne disposez pas du certificat correspondant et que vous souhaitez la mettre en conformit\u00e9, il est indispensable de demander le CIE.&nbsp;<\/li>\n\n\n\n<li><strong>Vente ou location de biens immobiliers<\/strong>. Dans ce cas, il est important de pr\u00e9ciser qu'il n'est pas obligatoire de pr\u00e9senter le bulletin lors de la vente ou de la location d'un bien immobilier en Espagne. Cependant, il est fortement recommand\u00e9 de disposer de ce document pour \u00e9viter les probl\u00e8mes et s'assurer que tout est en ordre.<\/li>\n<\/ol>\n<\/div><\/div><\/div>\n\n\n\n<div class=\"cozy-block-accordion-item\" id=\"cozyBlock_67960ec9_d795_47ea_bf4f_2893ed6baa82\"><div role=\"tab\" aria-expanded=\"true\"><div class=\"cozy-accordion-title\" style=\"display:flex;justify-content:space-between;align-items:center;flex-direction:row\"><h4>Comment demander une attestation d'installation \u00e9lectrique (EIC) et quel en est le co\u00fbt ?<\/h4><div class=\"accordion-icon-wrapper\"><svg width=\"16\" height=\"16\" viewbox=\"0 0 14 25\" xmlns=\"http:\/\/www.w3.org\/2000\/svg\" aria-hidden=\"true\"><path d=\"M10.8737 12.7121C10.9908 12.595 10.9908 12.405 10.8737 12.2879L1.00502 2.41924C0.887867 2.30208 0.887867 2.11213 1.00502 1.99497L1.99497 1.00502C2.11213 0.887867 2.30208 0.887867 2.41924 1.00502L13.7021 12.2879C13.8192 12.405 13.8192 12.595 13.7021 12.7121L2.41924 23.995C2.30208 24.1121 2.11213 24.1121 1.99497 23.995L1.00502 23.005C0.887867 22.8879 0.887868 22.6979 1.00503 22.5808L10.8737 12.7121Z\"><\/path><\/svg><\/div><\/div><div class=\"cozy-accordion-content\">\n<p>Pour demander et obtenir un certificat d'installation \u00e9lectrique en Espagne, suivez les \u00e9tapes ci-dessous :&nbsp;<\/p>\n\n\n\n<ol class=\"wp-block-list\">\n<li><strong>Contacter un installateur \u00e9lectrique agr\u00e9\u00e9<\/strong>. Il est essentiel de faire appel \u00e0 un technicien certifi\u00e9, c'est-\u00e0-dire disposant de la validation de l'administration comp\u00e9tente. Il sera charg\u00e9 de garantir la qualit\u00e9 et la s\u00e9curit\u00e9 de l'installation \u00e9lectrique. A cet \u00e9gard, le Minist\u00e8re de l'Industrie, de l'Energie et du Tourisme \u00e9tablit une liste de professionnels agr\u00e9\u00e9s pour effectuer ces travaux. Vous pouvez trouver votre installateur sur cette liste ou par le biais de r\u00e9f\u00e9rences et de recommandations.&nbsp;<\/li>\n\n\n\n<li><strong>Inspection et pr\u00e9paration du certificat<\/strong>. L'installateur analysera en d\u00e9tail chaque aspect de l'installation afin d'\u00e9valuer son \u00e9tat et de d\u00e9terminer si elle est conforme aux r\u00e8gles \u00e9tablies dans le r\u00e8glement \u00e9lectrotechnique de basse tension (REBT). S'il conclut qu'elle remplit toutes les conditions requises, le technicien d\u00e9livre et signe le CIE.&nbsp;<\/li>\n\n\n\n<li><strong>Registre ICN<\/strong>. Une fois le certificat obtenu, l'installateur \u00e9lectrique l'enregistre aupr\u00e8s de la direction g\u00e9n\u00e9rale de l'industrie, de l'\u00e9nergie et des mines de la communaut\u00e9 autonome correspondante. \u00c0 partir de ce moment, le document sera l\u00e9gal et il y aura une preuve officielle de sa d\u00e9livrance.&nbsp;<\/li>\n<\/ol>\n\n\n\n<p>Veuillez noter que le bulletin d'\u00e9lectricit\u00e9 n'est pas \u00e9ternel.<strong>&nbsp;20 ans \u00e0 compter de la date de d\u00e9livrance<\/strong>En outre, vous devez tenir compte du prix. Le prix&nbsp;<strong>co\u00fbt&nbsp;<\/strong>Le co\u00fbt de ce certificat varie en fonction de facteurs tels que la complexit\u00e9, la taille de la propri\u00e9t\u00e9 et le tarif de l'installateur \u00e9lectrique. En g\u00e9n\u00e9ral, il est de&nbsp;<strong>entre 100 et 300 euros<\/strong>.<\/p>\n<\/div><\/div><\/div>\n<\/div><\/div>\n<\/div><\/div>\n<\/div>","protected":false},"excerpt":{"rendered":"<p>El&nbsp;bolet\u00edn el\u00e9ctrico, tambi\u00e9n conocido como&nbsp;Certificado de Instalaci\u00f3n El\u00e9ctrica (CIE), es un documento oficial que acredita que una instalaci\u00f3n cumple con los requisitos necesarios para el suministro. Este certificado es emitido por un&nbsp;instalador el\u00e9ctrico autorizado&nbsp;y resulta fundamental para garantizar la calidad y seguridad de cualquier instalaci\u00f3n en un inmueble.Cuando vas a contratar un nuevo suministro o&#8230;<\/p>","protected":false},"author":1,"featured_media":0,"parent":0,"menu_order":0,"comment_status":"closed","ping_status":"closed","template":"","meta":{"footnotes":""},"class_list":["post-273","page","type-page","status-publish","hentry"],"yoast_head":"<!-- This site is optimized with the Yoast SEO plugin v27.4 - https:\/\/yoast.com\/product\/yoast-seo-wordpress\/ -->\n<title>Certificados de Instalaci\u00f3nes El\u00e9ctricas (CIE\/Boletines) - Williams Electrics<\/title>\n<meta name=\"robots\" content=\"index, follow, max-snippet:-1, max-image-preview:large, max-video-preview:-1\" \/>\n<link rel=\"canonical\" href=\"https:\/\/electricistaelcampello.es\/fr\/bulletin-dattestation-dinstallation-electrique\/\" \/>\n<meta property=\"og:locale\" content=\"fr_FR\" \/>\n<meta property=\"og:type\" content=\"article\" \/>\n<meta property=\"og:title\" content=\"Certificados de Instalaci\u00f3nes El\u00e9ctricas (CIE\/Boletines) - Williams Electrics\" \/>\n<meta property=\"og:description\" content=\"El&nbsp;bolet\u00edn el\u00e9ctrico, tambi\u00e9n conocido como&nbsp;Certificado de Instalaci\u00f3n El\u00e9ctrica (CIE), es un documento oficial que acredita que una instalaci\u00f3n cumple con los requisitos necesarios para el suministro. Este certificado es emitido por un&nbsp;instalador el\u00e9ctrico autorizado&nbsp;y resulta fundamental para garantizar la calidad y seguridad de cualquier instalaci\u00f3n en un inmueble.Cuando vas a contratar un nuevo suministro o...\" \/>\n<meta property=\"og:url\" content=\"https:\/\/electricistaelcampello.es\/fr\/bulletin-dattestation-dinstallation-electrique\/\" \/>\n<meta property=\"og:site_name\" content=\"Williams Electrics\" \/>\n<meta property=\"article:publisher\" content=\"https:\/\/www.facebook.com\/profile.php?id=61572624609208\" \/>\n<meta property=\"article:modified_time\" content=\"2026-04-27T19:56:15+00:00\" \/>\n<meta property=\"og:image\" content=\"http:\/\/electricistaelcampello.es\/wp-content\/uploads\/2025\/01\/s01-tramitacion-boletines2.jpg\" \/>\n<meta name=\"twitter:card\" content=\"summary_large_image\" \/>\n<meta name=\"twitter:label1\" content=\"Dur\u00e9e de lecture estim\u00e9e\" \/>\n\t<meta name=\"twitter:data1\" content=\"5 minutes\" \/>\n<script type=\"application\/ld+json\" class=\"yoast-schema-graph\">{\"@context\":\"https:\\\/\\\/schema.org\",\"@graph\":[{\"@type\":\"WebPage\",\"@id\":\"https:\\\/\\\/electricistaelcampello.es\\\/certificado-de-instalacion-electrico-boletin\\\/\",\"url\":\"https:\\\/\\\/electricistaelcampello.es\\\/certificado-de-instalacion-electrico-boletin\\\/\",\"name\":\"Certificados de Instalaci\u00f3nes El\u00e9ctricas (CIE\\\/Boletines) - Williams Electrics\",\"isPartOf\":{\"@id\":\"https:\\\/\\\/electricistaelcampello.es\\\/#website\"},\"primaryImageOfPage\":{\"@id\":\"https:\\\/\\\/electricistaelcampello.es\\\/certificado-de-instalacion-electrico-boletin\\\/#primaryimage\"},\"image\":{\"@id\":\"https:\\\/\\\/electricistaelcampello.es\\\/certificado-de-instalacion-electrico-boletin\\\/#primaryimage\"},\"thumbnailUrl\":\"http:\\\/\\\/electricistaelcampello.es\\\/wp-content\\\/uploads\\\/2025\\\/01\\\/s01-tramitacion-boletines2.jpg\",\"datePublished\":\"2025-01-24T20:31:32+00:00\",\"dateModified\":\"2026-04-27T19:56:15+00:00\",\"breadcrumb\":{\"@id\":\"https:\\\/\\\/electricistaelcampello.es\\\/certificado-de-instalacion-electrico-boletin\\\/#breadcrumb\"},\"inLanguage\":\"fr-FR\",\"potentialAction\":[{\"@type\":\"ReadAction\",\"target\":[\"https:\\\/\\\/electricistaelcampello.es\\\/certificado-de-instalacion-electrico-boletin\\\/\"]}]},{\"@type\":\"ImageObject\",\"inLanguage\":\"fr-FR\",\"@id\":\"https:\\\/\\\/electricistaelcampello.es\\\/certificado-de-instalacion-electrico-boletin\\\/#primaryimage\",\"url\":\"http:\\\/\\\/electricistaelcampello.es\\\/wp-content\\\/uploads\\\/2025\\\/01\\\/s01-tramitacion-boletines2.jpg\",\"contentUrl\":\"http:\\\/\\\/electricistaelcampello.es\\\/wp-content\\\/uploads\\\/2025\\\/01\\\/s01-tramitacion-boletines2.jpg\"},{\"@type\":\"BreadcrumbList\",\"@id\":\"https:\\\/\\\/electricistaelcampello.es\\\/certificado-de-instalacion-electrico-boletin\\\/#breadcrumb\",\"itemListElement\":[{\"@type\":\"ListItem\",\"position\":1,\"name\":\"Home\",\"item\":\"https:\\\/\\\/electricistaelcampello.es\\\/\"},{\"@type\":\"ListItem\",\"position\":2,\"name\":\"Certificados de Instalaci\u00f3nes El\u00e9ctricas (CIE\\\/Boletines)\"}]},{\"@type\":\"WebSite\",\"@id\":\"https:\\\/\\\/electricistaelcampello.es\\\/#website\",\"url\":\"https:\\\/\\\/electricistaelcampello.es\\\/\",\"name\":\"Williams Electrics\",\"description\":\"Empresa Instaladora El\u00e9ctrica \\\/ Baja Tension\",\"publisher\":{\"@id\":\"https:\\\/\\\/electricistaelcampello.es\\\/#organization\"},\"potentialAction\":[{\"@type\":\"SearchAction\",\"target\":{\"@type\":\"EntryPoint\",\"urlTemplate\":\"https:\\\/\\\/electricistaelcampello.es\\\/?s={search_term_string}\"},\"query-input\":{\"@type\":\"PropertyValueSpecification\",\"valueRequired\":true,\"valueName\":\"search_term_string\"}}],\"inLanguage\":\"fr-FR\"},{\"@type\":\"Organization\",\"@id\":\"https:\\\/\\\/electricistaelcampello.es\\\/#organization\",\"name\":\"Williams Electrics\",\"url\":\"https:\\\/\\\/electricistaelcampello.es\\\/\",\"logo\":{\"@type\":\"ImageObject\",\"inLanguage\":\"fr-FR\",\"@id\":\"https:\\\/\\\/electricistaelcampello.es\\\/#\\\/schema\\\/logo\\\/image\\\/\",\"url\":\"https:\\\/\\\/electricistaelcampello.es\\\/wp-content\\\/uploads\\\/2025\\\/02\\\/small-web-logoo.png\",\"contentUrl\":\"https:\\\/\\\/electricistaelcampello.es\\\/wp-content\\\/uploads\\\/2025\\\/02\\\/small-web-logoo.png\",\"width\":375,\"height\":91,\"caption\":\"Williams Electrics\"},\"image\":{\"@id\":\"https:\\\/\\\/electricistaelcampello.es\\\/#\\\/schema\\\/logo\\\/image\\\/\"},\"sameAs\":[\"https:\\\/\\\/www.facebook.com\\\/profile.php?id=61572624609208\"]}]}<\/script>\n<!-- \/ Yoast SEO plugin. -->","yoast_head_json":{"title":"Certificats d'installation \u00e9lectrique (CIE\/Bulletins) - Williams Electrics","robots":{"index":"index","follow":"follow","max-snippet":"max-snippet:-1","max-image-preview":"max-image-preview:large","max-video-preview":"max-video-preview:-1"},"canonical":"https:\/\/electricistaelcampello.es\/fr\/bulletin-dattestation-dinstallation-electrique\/","og_locale":"fr_FR","og_type":"article","og_title":"Certificados de Instalaci\u00f3nes El\u00e9ctricas (CIE\/Boletines) - Williams Electrics","og_description":"El&nbsp;bolet\u00edn el\u00e9ctrico, tambi\u00e9n conocido como&nbsp;Certificado de Instalaci\u00f3n El\u00e9ctrica (CIE), es un documento oficial que acredita que una instalaci\u00f3n cumple con los requisitos necesarios para el suministro. Este certificado es emitido por un&nbsp;instalador el\u00e9ctrico autorizado&nbsp;y resulta fundamental para garantizar la calidad y seguridad de cualquier instalaci\u00f3n en un inmueble.Cuando vas a contratar un nuevo suministro o...","og_url":"https:\/\/electricistaelcampello.es\/fr\/bulletin-dattestation-dinstallation-electrique\/","og_site_name":"Williams Electrics","article_publisher":"https:\/\/www.facebook.com\/profile.php?id=61572624609208","article_modified_time":"2026-04-27T19:56:15+00:00","og_image":[{"url":"http:\/\/electricistaelcampello.es\/wp-content\/uploads\/2025\/01\/s01-tramitacion-boletines2.jpg","type":"","width":"","height":""}],"twitter_card":"summary_large_image","twitter_misc":{"Dur\u00e9e de lecture estim\u00e9e":"5 minutes"},"schema":{"@context":"https:\/\/schema.org","@graph":[{"@type":"WebPage","@id":"https:\/\/electricistaelcampello.es\/certificado-de-instalacion-electrico-boletin\/","url":"https:\/\/electricistaelcampello.es\/certificado-de-instalacion-electrico-boletin\/","name":"Certificats d'installation \u00e9lectrique (CIE\/Bulletins) - Williams Electrics","isPartOf":{"@id":"https:\/\/electricistaelcampello.es\/#website"},"primaryImageOfPage":{"@id":"https:\/\/electricistaelcampello.es\/certificado-de-instalacion-electrico-boletin\/#primaryimage"},"image":{"@id":"https:\/\/electricistaelcampello.es\/certificado-de-instalacion-electrico-boletin\/#primaryimage"},"thumbnailUrl":"http:\/\/electricistaelcampello.es\/wp-content\/uploads\/2025\/01\/s01-tramitacion-boletines2.jpg","datePublished":"2025-01-24T20:31:32+00:00","dateModified":"2026-04-27T19:56:15+00:00","breadcrumb":{"@id":"https:\/\/electricistaelcampello.es\/certificado-de-instalacion-electrico-boletin\/#breadcrumb"},"inLanguage":"fr-FR","potentialAction":[{"@type":"ReadAction","target":["https:\/\/electricistaelcampello.es\/certificado-de-instalacion-electrico-boletin\/"]}]},{"@type":"ImageObject","inLanguage":"fr-FR","@id":"https:\/\/electricistaelcampello.es\/certificado-de-instalacion-electrico-boletin\/#primaryimage","url":"http:\/\/electricistaelcampello.es\/wp-content\/uploads\/2025\/01\/s01-tramitacion-boletines2.jpg","contentUrl":"http:\/\/electricistaelcampello.es\/wp-content\/uploads\/2025\/01\/s01-tramitacion-boletines2.jpg"},{"@type":"BreadcrumbList","@id":"https:\/\/electricistaelcampello.es\/certificado-de-instalacion-electrico-boletin\/#breadcrumb","itemListElement":[{"@type":"ListItem","position":1,"name":"Home","item":"https:\/\/electricistaelcampello.es\/"},{"@type":"ListItem","position":2,"name":"Certificados de Instalaci\u00f3nes El\u00e9ctricas (CIE\/Boletines)"}]},{"@type":"WebSite","@id":"https:\/\/electricistaelcampello.es\/#website","url":"https:\/\/electricistaelcampello.es\/","name":"Williams Electrics","description":"Entreprise d'installation \u00e9lectrique \/ Basse tension","publisher":{"@id":"https:\/\/electricistaelcampello.es\/#organization"},"potentialAction":[{"@type":"SearchAction","target":{"@type":"EntryPoint","urlTemplate":"https:\/\/electricistaelcampello.es\/?s={search_term_string}"},"query-input":{"@type":"PropertyValueSpecification","valueRequired":true,"valueName":"search_term_string"}}],"inLanguage":"fr-FR"},{"@type":"Organization","@id":"https:\/\/electricistaelcampello.es\/#organization","name":"Williams Electrics","url":"https:\/\/electricistaelcampello.es\/","logo":{"@type":"ImageObject","inLanguage":"fr-FR","@id":"https:\/\/electricistaelcampello.es\/#\/schema\/logo\/image\/","url":"https:\/\/electricistaelcampello.es\/wp-content\/uploads\/2025\/02\/small-web-logoo.png","contentUrl":"https:\/\/electricistaelcampello.es\/wp-content\/uploads\/2025\/02\/small-web-logoo.png","width":375,"height":91,"caption":"Williams Electrics"},"image":{"@id":"https:\/\/electricistaelcampello.es\/#\/schema\/logo\/image\/"},"sameAs":["https:\/\/www.facebook.com\/profile.php?id=61572624609208"]}]}},"_links":{"self":[{"href":"http:\/\/electricistaelcampello.es\/fr\/wp-json\/wp\/v2\/pages\/273","targetHints":{"allow":["GET"]}}],"collection":[{"href":"http:\/\/electricistaelcampello.es\/fr\/wp-json\/wp\/v2\/pages"}],"about":[{"href":"http:\/\/electricistaelcampello.es\/fr\/wp-json\/wp\/v2\/types\/page"}],"author":[{"embeddable":true,"href":"http:\/\/electricistaelcampello.es\/fr\/wp-json\/wp\/v2\/users\/1"}],"replies":[{"embeddable":true,"href":"http:\/\/electricistaelcampello.es\/fr\/wp-json\/wp\/v2\/comments?post=273"}],"version-history":[{"count":12,"href":"http:\/\/electricistaelcampello.es\/fr\/wp-json\/wp\/v2\/pages\/273\/revisions"}],"predecessor-version":[{"id":724,"href":"http:\/\/electricistaelcampello.es\/fr\/wp-json\/wp\/v2\/pages\/273\/revisions\/724"}],"wp:attachment":[{"href":"http:\/\/electricistaelcampello.es\/fr\/wp-json\/wp\/v2\/media?parent=273"}],"curies":[{"name":"wp","href":"https:\/\/api.w.org\/{rel}","templated":true}]}}