{"id":270,"date":"2025-01-24T21:23:51","date_gmt":"2025-01-24T20:23:51","guid":{"rendered":"http:\/\/electricistaelcampello.es\/?page_id=270"},"modified":"2025-03-23T20:09:34","modified_gmt":"2025-03-23T19:09:34","slug":"elektrische-storingen","status":"publish","type":"page","link":"http:\/\/electricistaelcampello.es\/nl\/averias-electricas\/","title":{"rendered":"Elektrische storingen"},"content":{"rendered":"<div class=\"wp-block-media-text is-stacked-on-mobile is-vertically-aligned-center\" style=\"grid-template-columns:22% auto\"><figure class=\"wp-block-media-text__media\"><img loading=\"lazy\" decoding=\"async\" width=\"960\" height=\"720\" src=\"http:\/\/electricistaelcampello.es\/wp-content\/uploads\/2025\/03\/imagen_2025-03-23_180527512.png\" alt=\"\" class=\"wp-image-587 size-full\" srcset=\"https:\/\/electricistaelcampello.es\/wp-content\/uploads\/2025\/03\/imagen_2025-03-23_180527512.png 960w, https:\/\/electricistaelcampello.es\/wp-content\/uploads\/2025\/03\/imagen_2025-03-23_180527512-300x225.png 300w, https:\/\/electricistaelcampello.es\/wp-content\/uploads\/2025\/03\/imagen_2025-03-23_180527512-768x576.png 768w, https:\/\/electricistaelcampello.es\/wp-content\/uploads\/2025\/03\/imagen_2025-03-23_180527512-16x12.png 16w\" sizes=\"auto, (max-width: 960px) 100vw, 960px\" \/><\/figure><div class=\"wp-block-media-text__content\">\n<p><strong>Verbrande chauffeurs?<\/strong><\/p>\n\n\n\n<p>Als je gescheurde, verkleurde of verbrande draden hebt (geheel of gedeeltelijk), bel ons dan onmiddellijk. De kans is groot dat je elektrische installatie onveilig is. Onze gekwalificeerde elektriciens kunnen alle elektrische storingen snel controleren, beoordelen en repareren, zodat je gerust kunt zijn dat je gezin en huis veilig zijn.<\/p>\n<\/div><\/div>\n\n\n\n<div class=\"wp-block-media-text has-media-on-the-right is-stacked-on-mobile is-vertically-aligned-center\" style=\"grid-template-columns:auto 22%\"><div class=\"wp-block-media-text__content\">\n<p><strong>Stroomuitval?<\/strong><\/p>\n\n\n\n<p>Uitgevallen stroomonderbrekers kunnen worden veroorzaakt door verschillende problemen in een elektrische installatie. Het enige waar je zeker van kunt zijn is dat als een zekering doorslaat, dit een reden heeft en niet genegeerd mag worden. Je kunt erop vertrouwen dat wij je installatie onderzoeken en de oorzaak van het probleem vinden.<\/p>\n<\/div><figure class=\"wp-block-media-text__media\"><img loading=\"lazy\" decoding=\"async\" width=\"420\" height=\"280\" src=\"http:\/\/electricistaelcampello.es\/wp-content\/uploads\/2025\/03\/imagen_2025-03-23_181344642.png\" alt=\"\" class=\"wp-image-588 size-full\" srcset=\"https:\/\/electricistaelcampello.es\/wp-content\/uploads\/2025\/03\/imagen_2025-03-23_181344642.png 420w, https:\/\/electricistaelcampello.es\/wp-content\/uploads\/2025\/03\/imagen_2025-03-23_181344642-300x200.png 300w, https:\/\/electricistaelcampello.es\/wp-content\/uploads\/2025\/03\/imagen_2025-03-23_181344642-18x12.png 18w\" sizes=\"auto, (max-width: 420px) 100vw, 420px\" \/><\/figure><\/div>\n\n\n\n<div class=\"wp-block-media-text is-stacked-on-mobile is-vertically-aligned-center\" style=\"grid-template-columns:15% auto\"><figure class=\"wp-block-media-text__media\"><img loading=\"lazy\" decoding=\"async\" width=\"408\" height=\"612\" src=\"http:\/\/electricistaelcampello.es\/wp-content\/uploads\/2025\/03\/imagen_2025-03-23_182620999.png\" alt=\"\" class=\"wp-image-589 size-full\" srcset=\"https:\/\/electricistaelcampello.es\/wp-content\/uploads\/2025\/03\/imagen_2025-03-23_182620999.png 408w, https:\/\/electricistaelcampello.es\/wp-content\/uploads\/2025\/03\/imagen_2025-03-23_182620999-200x300.png 200w, https:\/\/electricistaelcampello.es\/wp-content\/uploads\/2025\/03\/imagen_2025-03-23_182620999-8x12.png 8w\" sizes=\"auto, (max-width: 408px) 100vw, 408px\" \/><\/figure><div class=\"wp-block-media-text__content\">\n<p><strong>Werken elektrische apparaten, verlichtingscircuits of stopcontacten niet zoals verwacht?<\/strong><\/p>\n\n\n\n<p>Wees voorzichtig als een elektrisch onderdeel niet goed werkt. Het probleem kan zo simpel zijn als een losse aansluiting of een kapot apparaat; het is echter altijd beter om de oorzaak te kennen. Aarzel niet om ons te bellen om een kijkje te nemen en duurdere reparaties in de toekomst te voorkomen.<\/p>\n<\/div><\/div>","protected":false},"excerpt":{"rendered":"<p>Verbrande draden? Als je gescheurde, verkleurde of verbrande draden hebt (geheel of gedeeltelijk), bel ons dan onmiddellijk. De kans is groot dat je elektrische installatie onveilig is. Onze gekwalificeerde elektriciens kunnen alle elektrische storingen snel controleren, beoordelen en repareren, zodat je gerust kunt zijn dat je gezin en huis veilig zijn. Stroomuitval? Defecte schakelaars?<\/p>","protected":false},"author":1,"featured_media":0,"parent":0,"menu_order":0,"comment_status":"closed","ping_status":"closed","template":"","meta":{"footnotes":""},"class_list":["post-270","page","type-page","status-publish","hentry"],"yoast_head":"<!-- This site is optimized with the Yoast SEO plugin v27.4 - https:\/\/yoast.com\/product\/yoast-seo-wordpress\/ -->\n<title>Aver\u00edas El\u00e9ctricas - Williams Electrics<\/title>\n<meta name=\"robots\" content=\"index, follow, max-snippet:-1, max-image-preview:large, max-video-preview:-1\" \/>\n<link rel=\"canonical\" href=\"https:\/\/electricistaelcampello.es\/nl\/elektrische-storingen\/\" \/>\n<meta property=\"og:locale\" content=\"nl_BE\" \/>\n<meta property=\"og:type\" content=\"article\" \/>\n<meta property=\"og:title\" content=\"Aver\u00edas El\u00e9ctricas - Williams Electrics\" \/>\n<meta property=\"og:description\" content=\"\u00bfConductores Quemados? Si tiene cables agrietados, descoloridos o quemados (parcial o totalmente), ll\u00e1menos de inmediato. Lo m\u00e1s probable es que su instalaci\u00f3n el\u00e9ctrica no sea segura. Nuestros electricistas cualificados podr\u00e1n comprobar, evaluar y reparar r\u00e1pidamente cualquier aver\u00eda el\u00e9ctrica para garantizarle la tranquilidad de que su familia y su hogar est\u00e1n seguros. \u00bfApagones? Los interruptores saltados...\" \/>\n<meta property=\"og:url\" content=\"https:\/\/electricistaelcampello.es\/nl\/elektrische-storingen\/\" \/>\n<meta property=\"og:site_name\" content=\"Williams Electrics\" \/>\n<meta property=\"article:publisher\" content=\"https:\/\/www.facebook.com\/profile.php?id=61572624609208\" \/>\n<meta property=\"article:modified_time\" content=\"2025-03-23T19:09:34+00:00\" \/>\n<meta property=\"og:image\" content=\"http:\/\/electricistaelcampello.es\/wp-content\/uploads\/2025\/03\/imagen_2025-03-23_180527512.png\" \/>\n<meta name=\"twitter:card\" content=\"summary_large_image\" \/>\n<meta name=\"twitter:label1\" content=\"Geschatte leestijd\" \/>\n\t<meta name=\"twitter:data1\" content=\"1 minuut\" \/>\n<script type=\"application\/ld+json\" class=\"yoast-schema-graph\">{\"@context\":\"https:\\\/\\\/schema.org\",\"@graph\":[{\"@type\":\"WebPage\",\"@id\":\"https:\\\/\\\/electricistaelcampello.es\\\/averias-electricas\\\/\",\"url\":\"https:\\\/\\\/electricistaelcampello.es\\\/averias-electricas\\\/\",\"name\":\"Aver\u00edas El\u00e9ctricas - Williams Electrics\",\"isPartOf\":{\"@id\":\"https:\\\/\\\/electricistaelcampello.es\\\/#website\"},\"primaryImageOfPage\":{\"@id\":\"https:\\\/\\\/electricistaelcampello.es\\\/averias-electricas\\\/#primaryimage\"},\"image\":{\"@id\":\"https:\\\/\\\/electricistaelcampello.es\\\/averias-electricas\\\/#primaryimage\"},\"thumbnailUrl\":\"http:\\\/\\\/electricistaelcampello.es\\\/wp-content\\\/uploads\\\/2025\\\/03\\\/imagen_2025-03-23_180527512.png\",\"datePublished\":\"2025-01-24T20:23:51+00:00\",\"dateModified\":\"2025-03-23T19:09:34+00:00\",\"breadcrumb\":{\"@id\":\"https:\\\/\\\/electricistaelcampello.es\\\/averias-electricas\\\/#breadcrumb\"},\"inLanguage\":\"nl-BE\",\"potentialAction\":[{\"@type\":\"ReadAction\",\"target\":[\"https:\\\/\\\/electricistaelcampello.es\\\/averias-electricas\\\/\"]}]},{\"@type\":\"ImageObject\",\"inLanguage\":\"nl-BE\",\"@id\":\"https:\\\/\\\/electricistaelcampello.es\\\/averias-electricas\\\/#primaryimage\",\"url\":\"http:\\\/\\\/electricistaelcampello.es\\\/wp-content\\\/uploads\\\/2025\\\/03\\\/imagen_2025-03-23_180527512.png\",\"contentUrl\":\"http:\\\/\\\/electricistaelcampello.es\\\/wp-content\\\/uploads\\\/2025\\\/03\\\/imagen_2025-03-23_180527512.png\"},{\"@type\":\"BreadcrumbList\",\"@id\":\"https:\\\/\\\/electricistaelcampello.es\\\/averias-electricas\\\/#breadcrumb\",\"itemListElement\":[{\"@type\":\"ListItem\",\"position\":1,\"name\":\"Home\",\"item\":\"https:\\\/\\\/electricistaelcampello.es\\\/\"},{\"@type\":\"ListItem\",\"position\":2,\"name\":\"Aver\u00edas El\u00e9ctricas\"}]},{\"@type\":\"WebSite\",\"@id\":\"https:\\\/\\\/electricistaelcampello.es\\\/#website\",\"url\":\"https:\\\/\\\/electricistaelcampello.es\\\/\",\"name\":\"Williams Electrics\",\"description\":\"Empresa Instaladora El\u00e9ctrica \\\/ Baja Tension\",\"publisher\":{\"@id\":\"https:\\\/\\\/electricistaelcampello.es\\\/#organization\"},\"potentialAction\":[{\"@type\":\"SearchAction\",\"target\":{\"@type\":\"EntryPoint\",\"urlTemplate\":\"https:\\\/\\\/electricistaelcampello.es\\\/?s={search_term_string}\"},\"query-input\":{\"@type\":\"PropertyValueSpecification\",\"valueRequired\":true,\"valueName\":\"search_term_string\"}}],\"inLanguage\":\"nl-BE\"},{\"@type\":\"Organization\",\"@id\":\"https:\\\/\\\/electricistaelcampello.es\\\/#organization\",\"name\":\"Williams Electrics\",\"url\":\"https:\\\/\\\/electricistaelcampello.es\\\/\",\"logo\":{\"@type\":\"ImageObject\",\"inLanguage\":\"nl-BE\",\"@id\":\"https:\\\/\\\/electricistaelcampello.es\\\/#\\\/schema\\\/logo\\\/image\\\/\",\"url\":\"https:\\\/\\\/electricistaelcampello.es\\\/wp-content\\\/uploads\\\/2025\\\/02\\\/small-web-logoo.png\",\"contentUrl\":\"https:\\\/\\\/electricistaelcampello.es\\\/wp-content\\\/uploads\\\/2025\\\/02\\\/small-web-logoo.png\",\"width\":375,\"height\":91,\"caption\":\"Williams Electrics\"},\"image\":{\"@id\":\"https:\\\/\\\/electricistaelcampello.es\\\/#\\\/schema\\\/logo\\\/image\\\/\"},\"sameAs\":[\"https:\\\/\\\/www.facebook.com\\\/profile.php?id=61572624609208\"]}]}<\/script>\n<!-- \/ Yoast SEO plugin. -->","yoast_head_json":{"title":"Elektrische storingen - Williams Electrics","robots":{"index":"index","follow":"follow","max-snippet":"max-snippet:-1","max-image-preview":"max-image-preview:large","max-video-preview":"max-video-preview:-1"},"canonical":"https:\/\/electricistaelcampello.es\/nl\/elektrische-storingen\/","og_locale":"nl_BE","og_type":"article","og_title":"Aver\u00edas El\u00e9ctricas - Williams Electrics","og_description":"\u00bfConductores Quemados? Si tiene cables agrietados, descoloridos o quemados (parcial o totalmente), ll\u00e1menos de inmediato. Lo m\u00e1s probable es que su instalaci\u00f3n el\u00e9ctrica no sea segura. Nuestros electricistas cualificados podr\u00e1n comprobar, evaluar y reparar r\u00e1pidamente cualquier aver\u00eda el\u00e9ctrica para garantizarle la tranquilidad de que su familia y su hogar est\u00e1n seguros. \u00bfApagones? Los interruptores saltados...","og_url":"https:\/\/electricistaelcampello.es\/nl\/elektrische-storingen\/","og_site_name":"Williams Electrics","article_publisher":"https:\/\/www.facebook.com\/profile.php?id=61572624609208","article_modified_time":"2025-03-23T19:09:34+00:00","og_image":[{"url":"http:\/\/electricistaelcampello.es\/wp-content\/uploads\/2025\/03\/imagen_2025-03-23_180527512.png","type":"","width":"","height":""}],"twitter_card":"summary_large_image","twitter_misc":{"Geschatte leestijd":"1 minuut"},"schema":{"@context":"https:\/\/schema.org","@graph":[{"@type":"WebPage","@id":"https:\/\/electricistaelcampello.es\/averias-electricas\/","url":"https:\/\/electricistaelcampello.es\/averias-electricas\/","name":"Elektrische storingen - Williams Electrics","isPartOf":{"@id":"https:\/\/electricistaelcampello.es\/#website"},"primaryImageOfPage":{"@id":"https:\/\/electricistaelcampello.es\/averias-electricas\/#primaryimage"},"image":{"@id":"https:\/\/electricistaelcampello.es\/averias-electricas\/#primaryimage"},"thumbnailUrl":"http:\/\/electricistaelcampello.es\/wp-content\/uploads\/2025\/03\/imagen_2025-03-23_180527512.png","datePublished":"2025-01-24T20:23:51+00:00","dateModified":"2025-03-23T19:09:34+00:00","breadcrumb":{"@id":"https:\/\/electricistaelcampello.es\/averias-electricas\/#breadcrumb"},"inLanguage":"nl-BE","potentialAction":[{"@type":"ReadAction","target":["https:\/\/electricistaelcampello.es\/averias-electricas\/"]}]},{"@type":"ImageObject","inLanguage":"nl-BE","@id":"https:\/\/electricistaelcampello.es\/averias-electricas\/#primaryimage","url":"http:\/\/electricistaelcampello.es\/wp-content\/uploads\/2025\/03\/imagen_2025-03-23_180527512.png","contentUrl":"http:\/\/electricistaelcampello.es\/wp-content\/uploads\/2025\/03\/imagen_2025-03-23_180527512.png"},{"@type":"BreadcrumbList","@id":"https:\/\/electricistaelcampello.es\/averias-electricas\/#breadcrumb","itemListElement":[{"@type":"ListItem","position":1,"name":"Home","item":"https:\/\/electricistaelcampello.es\/"},{"@type":"ListItem","position":2,"name":"Aver\u00edas El\u00e9ctricas"}]},{"@type":"WebSite","@id":"https:\/\/electricistaelcampello.es\/#website","url":"https:\/\/electricistaelcampello.es\/","name":"Williams Electrics","description":"Elektrotechnisch installatiebedrijf \/ Laagspanning","publisher":{"@id":"https:\/\/electricistaelcampello.es\/#organization"},"potentialAction":[{"@type":"SearchAction","target":{"@type":"EntryPoint","urlTemplate":"https:\/\/electricistaelcampello.es\/?s={search_term_string}"},"query-input":{"@type":"PropertyValueSpecification","valueRequired":true,"valueName":"search_term_string"}}],"inLanguage":"nl-BE"},{"@type":"Organization","@id":"https:\/\/electricistaelcampello.es\/#organization","name":"Williams Electrics","url":"https:\/\/electricistaelcampello.es\/","logo":{"@type":"ImageObject","inLanguage":"nl-BE","@id":"https:\/\/electricistaelcampello.es\/#\/schema\/logo\/image\/","url":"https:\/\/electricistaelcampello.es\/wp-content\/uploads\/2025\/02\/small-web-logoo.png","contentUrl":"https:\/\/electricistaelcampello.es\/wp-content\/uploads\/2025\/02\/small-web-logoo.png","width":375,"height":91,"caption":"Williams Electrics"},"image":{"@id":"https:\/\/electricistaelcampello.es\/#\/schema\/logo\/image\/"},"sameAs":["https:\/\/www.facebook.com\/profile.php?id=61572624609208"]}]}},"_links":{"self":[{"href":"http:\/\/electricistaelcampello.es\/nl\/wp-json\/wp\/v2\/pages\/270","targetHints":{"allow":["GET"]}}],"collection":[{"href":"http:\/\/electricistaelcampello.es\/nl\/wp-json\/wp\/v2\/pages"}],"about":[{"href":"http:\/\/electricistaelcampello.es\/nl\/wp-json\/wp\/v2\/types\/page"}],"author":[{"embeddable":true,"href":"http:\/\/electricistaelcampello.es\/nl\/wp-json\/wp\/v2\/users\/1"}],"replies":[{"embeddable":true,"href":"http:\/\/electricistaelcampello.es\/nl\/wp-json\/wp\/v2\/comments?post=270"}],"version-history":[{"count":4,"href":"http:\/\/electricistaelcampello.es\/nl\/wp-json\/wp\/v2\/pages\/270\/revisions"}],"predecessor-version":[{"id":591,"href":"http:\/\/electricistaelcampello.es\/nl\/wp-json\/wp\/v2\/pages\/270\/revisions\/591"}],"wp:attachment":[{"href":"http:\/\/electricistaelcampello.es\/nl\/wp-json\/wp\/v2\/media?parent=270"}],"curies":[{"name":"wp","href":"https:\/\/api.w.org\/{rel}","templated":true}]}}