{"id":273,"date":"2025-01-24T21:31:32","date_gmt":"2025-01-24T20:31:32","guid":{"rendered":"http:\/\/electricistaelcampello.es\/?page_id=273"},"modified":"2026-04-27T21:56:15","modified_gmt":"2026-04-27T19:56:15","slug":"certificaat-elektrische-installatie-bulletin","status":"publish","type":"page","link":"http:\/\/electricistaelcampello.es\/nl\/certificado-de-instalacion-electrico-boletin\/","title":{"rendered":"Elektrische installatiecertificaten (CIE\/Bulletins)"},"content":{"rendered":"<div class=\"wp-block-columns is-layout-flex wp-container-core-columns-is-layout-28f84493 wp-block-columns-is-layout-flex\">\n<div class=\"wp-block-column is-layout-flow wp-block-column-is-layout-flow\">\n<div class=\"wp-block-media-text is-stacked-on-mobile\"><figure class=\"wp-block-media-text__media\"><img loading=\"lazy\" decoding=\"async\" width=\"550\" height=\"326\" src=\"http:\/\/electricistaelcampello.es\/wp-content\/uploads\/2025\/01\/s01-tramitacion-boletines2.jpg\" alt=\"\" class=\"wp-image-105 size-full\" srcset=\"https:\/\/electricistaelcampello.es\/wp-content\/uploads\/2025\/01\/s01-tramitacion-boletines2.jpg 550w, https:\/\/electricistaelcampello.es\/wp-content\/uploads\/2025\/01\/s01-tramitacion-boletines2-300x178.jpg 300w\" sizes=\"auto, (max-width: 550px) 100vw, 550px\" \/><\/figure><div class=\"wp-block-media-text__content\">\n<p>De<strong>&nbsp;elektrisch bulletin<\/strong>ook bekend als&nbsp;<strong>Certificaat elektrische installatie (CIE)<\/strong>is een officieel document dat certificeert dat een installatie voldoet aan de noodzakelijke vereisten voor levering. Dit certificaat wordt afgegeven door een<strong>&nbsp;erkend elektrotechnisch installateur<\/strong>&nbsp;en is essentieel om de kwaliteit en veiligheid van elke installatie in een gebouw te garanderen.<br>Wanneer je een nieuwe levering gaat contracteren of wijzigingen aan het bestaande systeem moet aanbrengen, is het verplicht om dit certificaat te overleggen.<\/p>\n<\/div><\/div>\n\n\n<div class=\"cozy-block-wrapper\">\n<div class=\"cozy-block-accordion icon-view-default icon-layout-fill\" id=\"cozyBlock_ddbd0d6e_9d40_4122_813f_04369c91a4a2\"><div class=\"cozy-accordion-wrapper\">\n<div class=\"cozy-block-accordion-item\" id=\"cozyBlock_ef190bcd_b551_4401_ae8a_f1c498a25854\"><div role=\"tab\" aria-expanded=\"true\"><div class=\"cozy-accordion-title\" style=\"display:flex;justify-content:space-between;align-items:center;flex-direction:row\"><h4>Waar is het elektrische bulletin voor?<\/h4><div class=\"accordion-icon-wrapper\"><svg width=\"16\" height=\"16\" viewbox=\"0 0 14 25\" xmlns=\"http:\/\/www.w3.org\/2000\/svg\" aria-hidden=\"true\"><path d=\"M10.8737 12.7121C10.9908 12.595 10.9908 12.405 10.8737 12.2879L1.00502 2.41924C0.887867 2.30208 0.887867 2.11213 1.00502 1.99497L1.99497 1.00502C2.11213 0.887867 2.30208 0.887867 2.41924 1.00502L13.7021 12.2879C13.8192 12.405 13.8192 12.595 13.7021 12.7121L2.41924 23.995C2.30208 24.1121 2.11213 24.1121 1.99497 23.995L1.00502 23.005C0.887867 22.8879 0.887868 22.6979 1.00503 22.5808L10.8737 12.7121Z\"><\/path><\/svg><\/div><\/div><div class=\"cozy-accordion-content\">\n<p>De belangrijkste functie van het elektrotechnisch bulletin is te garanderen dat een elektrische installatie voldoet aan de geldende voorschriften en normen met betrekking tot&nbsp;<strong>veiligheid en energie-effici\u00ebntie<\/strong>. In veel gevallen is het een volledig bindend document, zoals we hieronder zullen zien.<br>De CIE kan alleen worden afgegeven door een erkend elektrotechnisch installateur. Deze moet geregistreerd staan in het Industrieel Register van de autonome gemeenschap waar de elektrische installatie wordt uitgevoerd.<br>Voordat de elektricien het bulletin uitbrengt, voert hij een&nbsp;<strong>inspectie van het elektrische systeem<\/strong>. Bij deze controle moet je nagaan of de installatie voldoet aan alle eisen en voorschriften. Als dit niet het geval is, moet u de nodige wijzigingen uitvoeren voordat u het document verkrijgt.<br>Er zijn een aantal situaties waarin u wordt gevraagd naar de&nbsp;<strong>Elektrisch installatiecertificaat<\/strong>zoals:&nbsp;<\/p>\n\n\n\n<ol class=\"wp-block-list\">\n<li>Al&nbsp;<strong><a href=\"https:\/\/www.repsol.es\/particulares\/asesoramiento-consumo\/como-dar-de-alta-la-luz\/\">het contracteren van een nieuwe elektriciteitsvoorziening<\/a>&nbsp;<\/strong>in een woning of bedrijfspand.&nbsp;<\/li>\n\n\n\n<li>Bij grote werkzaamheden aan de elektrische installatie.&nbsp;<\/li>\n\n\n\n<li>Wanneer je de activiteit van een bedrijf dat wordt uitgeoefend in een pand verandert.&nbsp;<\/li>\n<\/ol>\n\n\n\n<p>In deze gevallen wil de EIC ervoor zorgen dat de installatie&nbsp;<strong>voldoet aan de huidige regelgeving&nbsp;<\/strong>op het gebied van gebruiksveiligheid.<\/p>\n<\/div><\/div><\/div>\n\n\n\n<div class=\"cozy-block-accordion-item\" id=\"cozyBlock_e4797de1_b28e_4c8b_873d_5f93bc730921\"><div role=\"tab\" aria-expanded=\"true\"><div class=\"cozy-accordion-title\" style=\"display:flex;justify-content:space-between;align-items:center;flex-direction:row\"><h4>Is het verplicht om een elektrisch installatiecertificaat (EIC) te hebben?<\/h4><div class=\"accordion-icon-wrapper\"><svg width=\"16\" height=\"16\" viewbox=\"0 0 14 25\" xmlns=\"http:\/\/www.w3.org\/2000\/svg\" aria-hidden=\"true\"><path d=\"M10.8737 12.7121C10.9908 12.595 10.9908 12.405 10.8737 12.2879L1.00502 2.41924C0.887867 2.30208 0.887867 2.11213 1.00502 1.99497L1.99497 1.00502C2.11213 0.887867 2.30208 0.887867 2.41924 1.00502L13.7021 12.2879C13.8192 12.405 13.8192 12.595 13.7021 12.7121L2.41924 23.995C2.30208 24.1121 2.11213 24.1121 1.99497 23.995L1.00502 23.005C0.887867 22.8879 0.887868 22.6979 1.00503 22.5808L10.8737 12.7121Z\"><\/path><\/svg><\/div><\/div><div class=\"cozy-accordion-content\">\n<p>In Spanje is het certificaat elektrische installatie een&nbsp;<strong>verplicht document<\/strong>. De vereisten worden geregeld door de Elektrotechnische Laagspanningsverordening, die de voorwaarden en voorschriften voor elektrische installaties in ons land vastlegt.<\/p>\n\n\n\n<p>Vergeet niet dat het niet hebben van een EIC kan leiden tot het volgende&nbsp;<strong>boetes en financi\u00eble sancties<\/strong>De installatie van de elektriciteitsvoorziening en de onmogelijkheid om de elektriciteitsvoorziening te contracteren of de installatie te legaliseren. Daarom is het essentieel dat je ervoor zorgt dat je aan deze voorschriften voldoet in de situaties die dit vereisen.&nbsp;<\/p>\n\n\n\n<h3 class=\"wp-block-heading\">Wanneer is het verplicht om dit document te hebben?<\/h3>\n\n\n\n<ol class=\"wp-block-list\">\n<li><strong>Nieuwe faciliteiten<\/strong>Heb je net de bedrading ge\u00efnstalleerd in je huis, bedrijfspand of een ander soort eigendom? Dan moet je de levering contracteren om elektriciteit te ontvangen en daarvoor is de EIC verplicht. Zonder dit contract kunt u niet&nbsp;<a href=\"https:\/\/www.repsol.es\/particulares\/faqs\/luz-y-gas\/como-dar-de-alta-el-contrato-de-luz-y-gas\/\"><strong>een elektriciteitscontract afsluiten<\/strong><\/a>met je winkelier.&nbsp;<\/li>\n\n\n\n<li><strong>Veranderingen<\/strong>. In sommige gevallen is het nodig om ingrijpende wijzigingen aan te brengen in het elektrische systeem, bijvoorbeeld met betrekking tot de distributie van circuits. In deze gevallen is het essentieel om een nieuwe EIC te maken om de uitgevoerde updates te bekrachtigen.&nbsp;<\/li>\n\n\n\n<li><strong>Toename van gecontracteerd vermogen<\/strong>. Soms schiet het vermogen dat je hebt gecontracteerd tekort en moet je het verhogen. Als deze verhoging het maximum overschrijdt dat door de professional in je huidige EIC is vastgesteld, moet je een nieuw bulletin aanvragen.&nbsp;<\/li>\n\n\n\n<li><strong>Periodieke evaluatie.<\/strong>&nbsp;Gebouwen voor gemeenschappelijk gebruik, zoals buurtverenigingen, moeten van tijd tot tijd worden ge\u00efnspecteerd, meer bepaald om de 10 jaar als het gebouw minder dan 25 jaar oud is en om de 5 jaar als het meer dan 25 jaar oud is. Specifiek om de 10 jaar als het gebouw minder dan 25 jaar oud is, en om de 5 jaar als het meer dan 25 jaar oud is. In openbare gebouwen, zoals bars, restaurants of winkelcentra, moet de inspectie om de 5 jaar worden uitgevoerd.&nbsp;<\/li>\n\n\n\n<li><strong>Legalisatie<\/strong>Als u een installatie hebt gemaakt zonder een vergunning te hebben of u hebt het bijbehorende certificaat niet en u wilt de installatie in overeenstemming brengen met de voorschriften, dan is het essentieel om de CIE aan te vragen.&nbsp;<\/li>\n\n\n\n<li><strong>Verkoop of verhuur van onroerend goed<\/strong>. In dit geval is het belangrijk om duidelijk te maken dat het niet verplicht is om het bulletin te overleggen bij het verkopen of verhuren van een woning in Spanje. Het is echter wel sterk aanbevolen om dit document te hebben om problemen te voorkomen en ervoor te zorgen dat alles in orde is.<\/li>\n<\/ol>\n<\/div><\/div><\/div>\n\n\n\n<div class=\"cozy-block-accordion-item\" id=\"cozyBlock_67960ec9_d795_47ea_bf4f_2893ed6baa82\"><div role=\"tab\" aria-expanded=\"true\"><div class=\"cozy-accordion-title\" style=\"display:flex;justify-content:space-between;align-items:center;flex-direction:row\"><h4>Hoe vraag ik een Electrical Installation Certificate (EIC) aan en hoeveel kost het?<\/h4><div class=\"accordion-icon-wrapper\"><svg width=\"16\" height=\"16\" viewbox=\"0 0 14 25\" xmlns=\"http:\/\/www.w3.org\/2000\/svg\" aria-hidden=\"true\"><path d=\"M10.8737 12.7121C10.9908 12.595 10.9908 12.405 10.8737 12.2879L1.00502 2.41924C0.887867 2.30208 0.887867 2.11213 1.00502 1.99497L1.99497 1.00502C2.11213 0.887867 2.30208 0.887867 2.41924 1.00502L13.7021 12.2879C13.8192 12.405 13.8192 12.595 13.7021 12.7121L2.41924 23.995C2.30208 24.1121 2.11213 24.1121 1.99497 23.995L1.00502 23.005C0.887867 22.8879 0.887868 22.6979 1.00503 22.5808L10.8737 12.7121Z\"><\/path><\/svg><\/div><\/div><div class=\"cozy-accordion-content\">\n<p>Volg onderstaande stappen om een certificaat van elektrische installatie in Spanje aan te vragen en te verkrijgen:&nbsp;<\/p>\n\n\n\n<ol class=\"wp-block-list\">\n<li><strong>Neem contact op met een erkende elektricien<\/strong>. Het is essentieel om een gecertificeerde technicus in dienst te nemen, d.w.z. een technicus die is goedgekeurd door de bevoegde instantie. Hij of zij is verantwoordelijk voor het garanderen van de kwaliteit en veiligheid van de elektrische installatie. Het ministerie van Industrie, Energie en Toerisme stelt hiervoor een lijst op van erkende vakmensen. Je kunt je installateur vinden op deze lijst of via referenties en aanbevelingen.&nbsp;<\/li>\n\n\n\n<li><strong>Inspectie en voorbereiding van het certificaat<\/strong>. De installateur zal elk aspect van de installatie in detail analyseren om de staat ervan te beoordelen en om na te gaan of de installatie voldoet aan de voorschriften van het Elektrotechnisch Reglement Laagspanning (REBT). Als hij concludeert dat de installatie aan alle vereisten voldoet, geeft de technicus de CIE af en ondertekent hij deze.&nbsp;<\/li>\n\n\n\n<li><strong>ICN-register<\/strong>. Zodra je het certificaat hebt verkregen, registreert de elektrotechnische installateur het bij het Directoraat-Generaal voor Industrie, Energie en Mijnen van de betreffende autonome gemeenschap. Vanaf dat moment is het document legaal en is er een officieel bewijs van afgifte.&nbsp;<\/li>\n<\/ol>\n\n\n\n<p>Houd er rekening mee dat het elektrische bulletin niet eeuwig geldig is, want het is geldig voor een periode van<strong>&nbsp;20 jaar vanaf datum van uitgifte<\/strong>Daarnaast moet je rekening houden met de prijs. De&nbsp;<strong>kosten&nbsp;<\/strong>De kosten van dit certificaat vari\u00ebren afhankelijk van factoren zoals complexiteit, de grootte van het pand en het tarief van de elektricien. In het algemeen is het meestal&nbsp;<strong>tussen \u20ac100 en \u20ac300<\/strong>.<\/p>\n<\/div><\/div><\/div>\n<\/div><\/div>\n<\/div><\/div>\n<\/div>","protected":false},"excerpt":{"rendered":"<p>Het elektriciteitsattest, ook bekend als het Certificaat van Elektrische Installatie (CIE), is een officieel document dat bevestigt dat een installatie voldoet aan de noodzakelijke vereisten voor levering. Dit certificaat wordt afgegeven door een erkende elektricien en is essentieel om de kwaliteit en veiligheid van elke installatie in een pand te waarborgen. Wanneer u een nieuwe levering gaat contracteren of...<\/p>","protected":false},"author":1,"featured_media":0,"parent":0,"menu_order":0,"comment_status":"closed","ping_status":"closed","template":"","meta":{"footnotes":""},"class_list":["post-273","page","type-page","status-publish","hentry"],"yoast_head":"<!-- This site is optimized with the Yoast SEO plugin v27.4 - https:\/\/yoast.com\/product\/yoast-seo-wordpress\/ -->\n<title>Certificados de Instalaci\u00f3nes El\u00e9ctricas (CIE\/Boletines) - Williams Electrics<\/title>\n<meta name=\"robots\" content=\"index, follow, max-snippet:-1, max-image-preview:large, max-video-preview:-1\" \/>\n<link rel=\"canonical\" href=\"https:\/\/electricistaelcampello.es\/nl\/certificaat-elektrische-installatie-bulletin\/\" \/>\n<meta property=\"og:locale\" content=\"nl_BE\" \/>\n<meta property=\"og:type\" content=\"article\" \/>\n<meta property=\"og:title\" content=\"Certificados de Instalaci\u00f3nes El\u00e9ctricas (CIE\/Boletines) - Williams Electrics\" \/>\n<meta property=\"og:description\" content=\"El&nbsp;bolet\u00edn el\u00e9ctrico, tambi\u00e9n conocido como&nbsp;Certificado de Instalaci\u00f3n El\u00e9ctrica (CIE), es un documento oficial que acredita que una instalaci\u00f3n cumple con los requisitos necesarios para el suministro. Este certificado es emitido por un&nbsp;instalador el\u00e9ctrico autorizado&nbsp;y resulta fundamental para garantizar la calidad y seguridad de cualquier instalaci\u00f3n en un inmueble.Cuando vas a contratar un nuevo suministro o...\" \/>\n<meta property=\"og:url\" content=\"https:\/\/electricistaelcampello.es\/nl\/certificaat-elektrische-installatie-bulletin\/\" \/>\n<meta property=\"og:site_name\" content=\"Williams Electrics\" \/>\n<meta property=\"article:publisher\" content=\"https:\/\/www.facebook.com\/profile.php?id=61572624609208\" \/>\n<meta property=\"article:modified_time\" content=\"2026-04-27T19:56:15+00:00\" \/>\n<meta property=\"og:image\" content=\"http:\/\/electricistaelcampello.es\/wp-content\/uploads\/2025\/01\/s01-tramitacion-boletines2.jpg\" \/>\n<meta name=\"twitter:card\" content=\"summary_large_image\" \/>\n<meta name=\"twitter:label1\" content=\"Geschatte leestijd\" \/>\n\t<meta name=\"twitter:data1\" content=\"5 minuten\" \/>\n<script type=\"application\/ld+json\" class=\"yoast-schema-graph\">{\"@context\":\"https:\\\/\\\/schema.org\",\"@graph\":[{\"@type\":\"WebPage\",\"@id\":\"https:\\\/\\\/electricistaelcampello.es\\\/certificado-de-instalacion-electrico-boletin\\\/\",\"url\":\"https:\\\/\\\/electricistaelcampello.es\\\/certificado-de-instalacion-electrico-boletin\\\/\",\"name\":\"Certificados de Instalaci\u00f3nes El\u00e9ctricas (CIE\\\/Boletines) - Williams Electrics\",\"isPartOf\":{\"@id\":\"https:\\\/\\\/electricistaelcampello.es\\\/#website\"},\"primaryImageOfPage\":{\"@id\":\"https:\\\/\\\/electricistaelcampello.es\\\/certificado-de-instalacion-electrico-boletin\\\/#primaryimage\"},\"image\":{\"@id\":\"https:\\\/\\\/electricistaelcampello.es\\\/certificado-de-instalacion-electrico-boletin\\\/#primaryimage\"},\"thumbnailUrl\":\"http:\\\/\\\/electricistaelcampello.es\\\/wp-content\\\/uploads\\\/2025\\\/01\\\/s01-tramitacion-boletines2.jpg\",\"datePublished\":\"2025-01-24T20:31:32+00:00\",\"dateModified\":\"2026-04-27T19:56:15+00:00\",\"breadcrumb\":{\"@id\":\"https:\\\/\\\/electricistaelcampello.es\\\/certificado-de-instalacion-electrico-boletin\\\/#breadcrumb\"},\"inLanguage\":\"nl-BE\",\"potentialAction\":[{\"@type\":\"ReadAction\",\"target\":[\"https:\\\/\\\/electricistaelcampello.es\\\/certificado-de-instalacion-electrico-boletin\\\/\"]}]},{\"@type\":\"ImageObject\",\"inLanguage\":\"nl-BE\",\"@id\":\"https:\\\/\\\/electricistaelcampello.es\\\/certificado-de-instalacion-electrico-boletin\\\/#primaryimage\",\"url\":\"http:\\\/\\\/electricistaelcampello.es\\\/wp-content\\\/uploads\\\/2025\\\/01\\\/s01-tramitacion-boletines2.jpg\",\"contentUrl\":\"http:\\\/\\\/electricistaelcampello.es\\\/wp-content\\\/uploads\\\/2025\\\/01\\\/s01-tramitacion-boletines2.jpg\"},{\"@type\":\"BreadcrumbList\",\"@id\":\"https:\\\/\\\/electricistaelcampello.es\\\/certificado-de-instalacion-electrico-boletin\\\/#breadcrumb\",\"itemListElement\":[{\"@type\":\"ListItem\",\"position\":1,\"name\":\"Home\",\"item\":\"https:\\\/\\\/electricistaelcampello.es\\\/\"},{\"@type\":\"ListItem\",\"position\":2,\"name\":\"Certificados de Instalaci\u00f3nes El\u00e9ctricas (CIE\\\/Boletines)\"}]},{\"@type\":\"WebSite\",\"@id\":\"https:\\\/\\\/electricistaelcampello.es\\\/#website\",\"url\":\"https:\\\/\\\/electricistaelcampello.es\\\/\",\"name\":\"Williams Electrics\",\"description\":\"Empresa Instaladora El\u00e9ctrica \\\/ Baja Tension\",\"publisher\":{\"@id\":\"https:\\\/\\\/electricistaelcampello.es\\\/#organization\"},\"potentialAction\":[{\"@type\":\"SearchAction\",\"target\":{\"@type\":\"EntryPoint\",\"urlTemplate\":\"https:\\\/\\\/electricistaelcampello.es\\\/?s={search_term_string}\"},\"query-input\":{\"@type\":\"PropertyValueSpecification\",\"valueRequired\":true,\"valueName\":\"search_term_string\"}}],\"inLanguage\":\"nl-BE\"},{\"@type\":\"Organization\",\"@id\":\"https:\\\/\\\/electricistaelcampello.es\\\/#organization\",\"name\":\"Williams Electrics\",\"url\":\"https:\\\/\\\/electricistaelcampello.es\\\/\",\"logo\":{\"@type\":\"ImageObject\",\"inLanguage\":\"nl-BE\",\"@id\":\"https:\\\/\\\/electricistaelcampello.es\\\/#\\\/schema\\\/logo\\\/image\\\/\",\"url\":\"https:\\\/\\\/electricistaelcampello.es\\\/wp-content\\\/uploads\\\/2025\\\/02\\\/small-web-logoo.png\",\"contentUrl\":\"https:\\\/\\\/electricistaelcampello.es\\\/wp-content\\\/uploads\\\/2025\\\/02\\\/small-web-logoo.png\",\"width\":375,\"height\":91,\"caption\":\"Williams Electrics\"},\"image\":{\"@id\":\"https:\\\/\\\/electricistaelcampello.es\\\/#\\\/schema\\\/logo\\\/image\\\/\"},\"sameAs\":[\"https:\\\/\\\/www.facebook.com\\\/profile.php?id=61572624609208\"]}]}<\/script>\n<!-- \/ Yoast SEO plugin. -->","yoast_head_json":{"title":"Elektrische installatiecertificaten (CIE\/Bulletins) - Williams Electrics","robots":{"index":"index","follow":"follow","max-snippet":"max-snippet:-1","max-image-preview":"max-image-preview:large","max-video-preview":"max-video-preview:-1"},"canonical":"https:\/\/electricistaelcampello.es\/nl\/certificaat-elektrische-installatie-bulletin\/","og_locale":"nl_BE","og_type":"article","og_title":"Certificados de Instalaci\u00f3nes El\u00e9ctricas (CIE\/Boletines) - Williams Electrics","og_description":"El&nbsp;bolet\u00edn el\u00e9ctrico, tambi\u00e9n conocido como&nbsp;Certificado de Instalaci\u00f3n El\u00e9ctrica (CIE), es un documento oficial que acredita que una instalaci\u00f3n cumple con los requisitos necesarios para el suministro. Este certificado es emitido por un&nbsp;instalador el\u00e9ctrico autorizado&nbsp;y resulta fundamental para garantizar la calidad y seguridad de cualquier instalaci\u00f3n en un inmueble.Cuando vas a contratar un nuevo suministro o...","og_url":"https:\/\/electricistaelcampello.es\/nl\/certificaat-elektrische-installatie-bulletin\/","og_site_name":"Williams Electrics","article_publisher":"https:\/\/www.facebook.com\/profile.php?id=61572624609208","article_modified_time":"2026-04-27T19:56:15+00:00","og_image":[{"url":"http:\/\/electricistaelcampello.es\/wp-content\/uploads\/2025\/01\/s01-tramitacion-boletines2.jpg","type":"","width":"","height":""}],"twitter_card":"summary_large_image","twitter_misc":{"Geschatte leestijd":"5 minuten"},"schema":{"@context":"https:\/\/schema.org","@graph":[{"@type":"WebPage","@id":"https:\/\/electricistaelcampello.es\/certificado-de-instalacion-electrico-boletin\/","url":"https:\/\/electricistaelcampello.es\/certificado-de-instalacion-electrico-boletin\/","name":"Elektrische installatiecertificaten (CIE\/Bulletins) - Williams Electrics","isPartOf":{"@id":"https:\/\/electricistaelcampello.es\/#website"},"primaryImageOfPage":{"@id":"https:\/\/electricistaelcampello.es\/certificado-de-instalacion-electrico-boletin\/#primaryimage"},"image":{"@id":"https:\/\/electricistaelcampello.es\/certificado-de-instalacion-electrico-boletin\/#primaryimage"},"thumbnailUrl":"http:\/\/electricistaelcampello.es\/wp-content\/uploads\/2025\/01\/s01-tramitacion-boletines2.jpg","datePublished":"2025-01-24T20:31:32+00:00","dateModified":"2026-04-27T19:56:15+00:00","breadcrumb":{"@id":"https:\/\/electricistaelcampello.es\/certificado-de-instalacion-electrico-boletin\/#breadcrumb"},"inLanguage":"nl-BE","potentialAction":[{"@type":"ReadAction","target":["https:\/\/electricistaelcampello.es\/certificado-de-instalacion-electrico-boletin\/"]}]},{"@type":"ImageObject","inLanguage":"nl-BE","@id":"https:\/\/electricistaelcampello.es\/certificado-de-instalacion-electrico-boletin\/#primaryimage","url":"http:\/\/electricistaelcampello.es\/wp-content\/uploads\/2025\/01\/s01-tramitacion-boletines2.jpg","contentUrl":"http:\/\/electricistaelcampello.es\/wp-content\/uploads\/2025\/01\/s01-tramitacion-boletines2.jpg"},{"@type":"BreadcrumbList","@id":"https:\/\/electricistaelcampello.es\/certificado-de-instalacion-electrico-boletin\/#breadcrumb","itemListElement":[{"@type":"ListItem","position":1,"name":"Home","item":"https:\/\/electricistaelcampello.es\/"},{"@type":"ListItem","position":2,"name":"Certificados de Instalaci\u00f3nes El\u00e9ctricas (CIE\/Boletines)"}]},{"@type":"WebSite","@id":"https:\/\/electricistaelcampello.es\/#website","url":"https:\/\/electricistaelcampello.es\/","name":"Williams Electrics","description":"Elektrotechnisch installatiebedrijf \/ Laagspanning","publisher":{"@id":"https:\/\/electricistaelcampello.es\/#organization"},"potentialAction":[{"@type":"SearchAction","target":{"@type":"EntryPoint","urlTemplate":"https:\/\/electricistaelcampello.es\/?s={search_term_string}"},"query-input":{"@type":"PropertyValueSpecification","valueRequired":true,"valueName":"search_term_string"}}],"inLanguage":"nl-BE"},{"@type":"Organization","@id":"https:\/\/electricistaelcampello.es\/#organization","name":"Williams Electrics","url":"https:\/\/electricistaelcampello.es\/","logo":{"@type":"ImageObject","inLanguage":"nl-BE","@id":"https:\/\/electricistaelcampello.es\/#\/schema\/logo\/image\/","url":"https:\/\/electricistaelcampello.es\/wp-content\/uploads\/2025\/02\/small-web-logoo.png","contentUrl":"https:\/\/electricistaelcampello.es\/wp-content\/uploads\/2025\/02\/small-web-logoo.png","width":375,"height":91,"caption":"Williams Electrics"},"image":{"@id":"https:\/\/electricistaelcampello.es\/#\/schema\/logo\/image\/"},"sameAs":["https:\/\/www.facebook.com\/profile.php?id=61572624609208"]}]}},"_links":{"self":[{"href":"http:\/\/electricistaelcampello.es\/nl\/wp-json\/wp\/v2\/pages\/273","targetHints":{"allow":["GET"]}}],"collection":[{"href":"http:\/\/electricistaelcampello.es\/nl\/wp-json\/wp\/v2\/pages"}],"about":[{"href":"http:\/\/electricistaelcampello.es\/nl\/wp-json\/wp\/v2\/types\/page"}],"author":[{"embeddable":true,"href":"http:\/\/electricistaelcampello.es\/nl\/wp-json\/wp\/v2\/users\/1"}],"replies":[{"embeddable":true,"href":"http:\/\/electricistaelcampello.es\/nl\/wp-json\/wp\/v2\/comments?post=273"}],"version-history":[{"count":12,"href":"http:\/\/electricistaelcampello.es\/nl\/wp-json\/wp\/v2\/pages\/273\/revisions"}],"predecessor-version":[{"id":724,"href":"http:\/\/electricistaelcampello.es\/nl\/wp-json\/wp\/v2\/pages\/273\/revisions\/724"}],"wp:attachment":[{"href":"http:\/\/electricistaelcampello.es\/nl\/wp-json\/wp\/v2\/media?parent=273"}],"curies":[{"name":"wp","href":"https:\/\/api.w.org\/{rel}","templated":true}]}}