{"id":277,"date":"2025-01-24T21:32:38","date_gmt":"2025-01-24T20:32:38","guid":{"rendered":"http:\/\/electricistaelcampello.es\/?page_id=277"},"modified":"2025-06-15T09:24:59","modified_gmt":"2025-06-15T07:24:59","slug":"controles-van-elektrische-installaties","status":"publish","type":"page","link":"http:\/\/electricistaelcampello.es\/nl\/revisiones-de-instalaciones-electricas\/","title":{"rendered":"Elektrische installatiecontroles"},"content":{"rendered":"<div class=\"wp-block-columns is-layout-flex wp-container-core-columns-is-layout-28f84493 wp-block-columns-is-layout-flex\">\n<div class=\"wp-block-column is-layout-flow wp-block-column-is-layout-flow\"><link rel=\"stylesheet\" href=\"https:\/\/fonts.googleapis.com\/css2?family=Poppins:wght@100;200;300;400;500;600;700;800;900&#038;display=swap\"\/>\n<div class=\"cozy-block-wrapper\">\n\t<div class=\"wp-block-cozy-block-pricing-table\">\n\t\t<div id=\"cozyBlock_a1161c42_7d17_4486_b841_a5a89650cccc\" class=\"cozy-block-pricing-table has-box-shadow\">\n\t\t\t\t\t\t<div class=\"pricing-table__wrap\">\n\t\t\t\t\t\t\t\t\t<div class=\"pricing-table__icon-wrap\">\n\t\t\t\t\t\t\t<svg xmlns=\"http:\/\/www.w3.org\/2000\/svg\" aria-hidden=\"true\" fill=\"currentColor\"\n\t\t\t\t\t\t\t\tviewbox=\"   \"\n\t\t\t\t\t\t\t>\n\t\t\t\t\t\t\t\t<path d=\"\" \/>\n\t\t\t\t\t\t\t<\/svg>\n\t\t\t\t\t\t<\/div>\n\t\t\t\t\t\t<h3 class=\"pricing-table__heading\">Basisoverzicht<\/h3><p class=\"pricing-table__description\">Ideaal voor:&lt;br&gt;&lt;br&gt;Nieuwe eigenaars van tweedehands huizen.&lt;br&gt;Elektriciteitsvoorziening \/ Stroomupgrades&lt;br&gt;Periodieke 5\/10-jaarlijkse evaluaties<\/p>\t\t\t\t\t\t<div class=\"pricing-table__price-wrap\">\n\t\t\t\t\t\t<p class=\"pricing-table__price display-inline-block\">\u20ac150<\/p><p class=\"price__separator-label\"> +BTW<\/p>\t\t\t\t\t\t<\/div>\n\t\t\t\t\t\t\t\t\t\t\t\t\t<ul class=\"pricing-table__list\">\n\t\t\t\t\t<h4 class=\"list__heading\">Inclusief:<\/h4>\t\t\t\t\t\t\t\t\t\t\t<li class=\"pricing-table__list-item show\" data-index=\"0\">\n\t\t\t\t\t\t\t\t\t\t\t\t\t\t\t\t\t\t\t\t\t<div class=\"pricing-table__list-icon\">\n\t\t\t\t\t\t\t\t\t\t\t\t\t\t<svg\n\t\t\t\t\t\t\t\t\t\t\t\t\t\tviewbox=\"0 0 12 9\"\n\t\t\t\t\t\t\t\t\t\t\t\t\t\txmlns=\"http:\/\/www.w3.org\/2000\/svg\"\n\t\t\t\t\t\t\t\t\t\t\t\t\t\taria-hidden=\"true\"\n\t\t\t\t\t\t\t\t\t\t\t\t\t\t>\n\t\t\t\t\t\t\t\t\t\t\t\t\t\t\t<path d=\"M4.66668 7.11333L10.7947 0.986L11.7373 1.92867L4.66668 8.99933L0.424011 4.75667L1.36668 3.814L4.66668 7.11333Z\" \/>\t\n\t\t\t\t\t\t\t\t\t\t\t\t\t\t<\/svg>\n\t\t\t\t\t\t\t\t\t\t\t\t\t<\/div>\n\t\t\t\t\t\t\t\t\t\t\t\t\t\t\t\t\t\t\t\t\t<span>Visuele inspectie van het schakelbord om te controleren of alle aansluitingen correct, veilig en vrij van schade zijn.<\/span>\n\t\t\t\t\t\t\t\t\t\t\t\t\t\t\t\t\t\t\t\t<\/li>\n\t\t\t\t\t\t\t\t\t\t\t\t\t\t\t\t\t\t\t\t<li class=\"pricing-table__list-item show\" data-index=\"1\">\n\t\t\t\t\t\t\t\t\t\t\t\t\t\t\t\t\t\t\t\t\t<div class=\"pricing-table__list-icon\">\n\t\t\t\t\t\t\t\t\t\t\t\t\t\t<svg\n\t\t\t\t\t\t\t\t\t\t\t\t\t\tviewbox=\"0 0 12 9\"\n\t\t\t\t\t\t\t\t\t\t\t\t\t\txmlns=\"http:\/\/www.w3.org\/2000\/svg\"\n\t\t\t\t\t\t\t\t\t\t\t\t\t\taria-hidden=\"true\"\n\t\t\t\t\t\t\t\t\t\t\t\t\t\t>\n\t\t\t\t\t\t\t\t\t\t\t\t\t\t\t<path d=\"M4.66668 7.11333L10.7947 0.986L11.7373 1.92867L4.66668 8.99933L0.424011 4.75667L1.36668 3.814L4.66668 7.11333Z\" \/>\t\n\t\t\t\t\t\t\t\t\t\t\t\t\t\t<\/svg>\n\t\t\t\t\t\t\t\t\t\t\t\t\t<\/div>\n\t\t\t\t\t\t\t\t\t\t\t\t\t\t\t\t\t\t\t\t\t<span>Controleert of circuits de juiste bescherming hebben voor de gebruikte geleiders.<\/span>\n\t\t\t\t\t\t\t\t\t\t\t\t\t\t\t\t\t\t\t\t<\/li>\n\t\t\t\t\t\t\t\t\t\t\t\t\t\t\t\t\t\t\t\t<li class=\"pricing-table__list-item show\" data-index=\"2\">\n\t\t\t\t\t\t\t\t\t\t\t\t\t\t\t\t\t\t\t\t\t<div class=\"pricing-table__list-icon\">\n\t\t\t\t\t\t\t\t\t\t\t\t\t\t<svg\n\t\t\t\t\t\t\t\t\t\t\t\t\t\tviewbox=\"0 0 12 9\"\n\t\t\t\t\t\t\t\t\t\t\t\t\t\txmlns=\"http:\/\/www.w3.org\/2000\/svg\"\n\t\t\t\t\t\t\t\t\t\t\t\t\t\taria-hidden=\"true\"\n\t\t\t\t\t\t\t\t\t\t\t\t\t\t>\n\t\t\t\t\t\t\t\t\t\t\t\t\t\t\t<path d=\"M4.66668 7.11333L10.7947 0.986L11.7373 1.92867L4.66668 8.99933L0.424011 4.75667L1.36668 3.814L4.66668 7.11333Z\" \/>\t\n\t\t\t\t\t\t\t\t\t\t\t\t\t\t<\/svg>\n\t\t\t\t\t\t\t\t\t\t\t\t\t<\/div>\n\t\t\t\t\t\t\t\t\t\t\t\t\t\t\t\t\t\t\t\t\t<span>Controleer of de circuits voldoende bescherming bieden voor de gebruikte geleiders. De werking van de stroomonderbreker en de lekstroom worden getest.<\/span>\n\t\t\t\t\t\t\t\t\t\t\t\t\t\t\t\t\t\t\t\t<\/li>\n\t\t\t\t\t\t\t\t\t\t\t\t\t\t\t\t\t\t\t\t<li class=\"pricing-table__list-item show\" data-index=\"3\">\n\t\t\t\t\t\t\t\t\t\t\t\t\t\t\t\t\t\t\t\t\t<div class=\"pricing-table__list-icon\">\n\t\t\t\t\t\t\t\t\t\t\t\t\t\t<svg\n\t\t\t\t\t\t\t\t\t\t\t\t\t\tviewbox=\"0 0 12 9\"\n\t\t\t\t\t\t\t\t\t\t\t\t\t\txmlns=\"http:\/\/www.w3.org\/2000\/svg\"\n\t\t\t\t\t\t\t\t\t\t\t\t\t\taria-hidden=\"true\"\n\t\t\t\t\t\t\t\t\t\t\t\t\t\t>\n\t\t\t\t\t\t\t\t\t\t\t\t\t\t\t<path d=\"M4.66668 7.11333L10.7947 0.986L11.7373 1.92867L4.66668 8.99933L0.424011 4.75667L1.36668 3.814L4.66668 7.11333Z\" \/>\t\n\t\t\t\t\t\t\t\t\t\t\t\t\t\t<\/svg>\n\t\t\t\t\t\t\t\t\t\t\t\t\t<\/div>\n\t\t\t\t\t\t\t\t\t\t\t\t\t\t\t\t\t\t\t\t\t<span>Bulletin meegeleverd (Installatiecertificaat)<\/span>\n\t\t\t\t\t\t\t\t\t\t\t\t\t\t\t\t\t\t\t\t<\/li>\n\t\t\t\t\t\t\t\t\t\t\t\t\t\t\t\t<\/ul>\n\t\t\t\t\t\t\t\t\t\t\t<div class=\"pricing-table__button-wrap\">\n\t\t\t\t\t\t<a class=\"pricing-table__button\" href=\"#\" target=\"\" rel=\"\">Bel ons nu op 633188512<\/a>\t\t\t\t\t\t<\/div>\n\t\t\t\t\t\t\t\t\t<\/div>\n\t\t<\/div>\n\t<\/div>\n<\/div>\n\n<\/div>\n\n\n\n<div class=\"wp-block-column is-layout-flow wp-block-column-is-layout-flow\"><\/div>\n<\/div>","protected":false},"excerpt":{"rendered":"","protected":false},"author":1,"featured_media":0,"parent":0,"menu_order":0,"comment_status":"closed","ping_status":"closed","template":"","meta":{"footnotes":""},"class_list":["post-277","page","type-page","status-publish","hentry"],"yoast_head":"<!-- This site is optimized with the Yoast SEO plugin v27.4 - https:\/\/yoast.com\/product\/yoast-seo-wordpress\/ -->\n<title>Revisi\u00f3nes de Instalaci\u00f3nes El\u00e9ctricas - Williams Electrics<\/title>\n<meta name=\"robots\" content=\"index, follow, max-snippet:-1, max-image-preview:large, max-video-preview:-1\" \/>\n<link rel=\"canonical\" href=\"https:\/\/electricistaelcampello.es\/nl\/controles-van-elektrische-installaties\/\" \/>\n<meta property=\"og:locale\" content=\"nl_BE\" \/>\n<meta property=\"og:type\" content=\"article\" \/>\n<meta property=\"og:title\" content=\"Revisi\u00f3nes de Instalaci\u00f3nes El\u00e9ctricas - Williams Electrics\" \/>\n<meta property=\"og:url\" content=\"https:\/\/electricistaelcampello.es\/nl\/controles-van-elektrische-installaties\/\" \/>\n<meta property=\"og:site_name\" content=\"Williams Electrics\" \/>\n<meta property=\"article:publisher\" content=\"https:\/\/www.facebook.com\/profile.php?id=61572624609208\" \/>\n<meta property=\"article:modified_time\" content=\"2025-06-15T07:24:59+00:00\" \/>\n<meta name=\"twitter:card\" content=\"summary_large_image\" \/>\n<script type=\"application\/ld+json\" class=\"yoast-schema-graph\">{\"@context\":\"https:\\\/\\\/schema.org\",\"@graph\":[{\"@type\":\"WebPage\",\"@id\":\"https:\\\/\\\/electricistaelcampello.es\\\/revisiones-de-instalaciones-electricas\\\/\",\"url\":\"https:\\\/\\\/electricistaelcampello.es\\\/revisiones-de-instalaciones-electricas\\\/\",\"name\":\"Revisi\u00f3nes de Instalaci\u00f3nes El\u00e9ctricas - Williams Electrics\",\"isPartOf\":{\"@id\":\"https:\\\/\\\/electricistaelcampello.es\\\/#website\"},\"datePublished\":\"2025-01-24T20:32:38+00:00\",\"dateModified\":\"2025-06-15T07:24:59+00:00\",\"breadcrumb\":{\"@id\":\"https:\\\/\\\/electricistaelcampello.es\\\/revisiones-de-instalaciones-electricas\\\/#breadcrumb\"},\"inLanguage\":\"nl-BE\",\"potentialAction\":[{\"@type\":\"ReadAction\",\"target\":[\"https:\\\/\\\/electricistaelcampello.es\\\/revisiones-de-instalaciones-electricas\\\/\"]}]},{\"@type\":\"BreadcrumbList\",\"@id\":\"https:\\\/\\\/electricistaelcampello.es\\\/revisiones-de-instalaciones-electricas\\\/#breadcrumb\",\"itemListElement\":[{\"@type\":\"ListItem\",\"position\":1,\"name\":\"Home\",\"item\":\"https:\\\/\\\/electricistaelcampello.es\\\/\"},{\"@type\":\"ListItem\",\"position\":2,\"name\":\"Revisi\u00f3nes de Instalaci\u00f3nes El\u00e9ctricas\"}]},{\"@type\":\"WebSite\",\"@id\":\"https:\\\/\\\/electricistaelcampello.es\\\/#website\",\"url\":\"https:\\\/\\\/electricistaelcampello.es\\\/\",\"name\":\"Williams Electrics\",\"description\":\"Empresa Instaladora El\u00e9ctrica \\\/ Baja Tension\",\"publisher\":{\"@id\":\"https:\\\/\\\/electricistaelcampello.es\\\/#organization\"},\"potentialAction\":[{\"@type\":\"SearchAction\",\"target\":{\"@type\":\"EntryPoint\",\"urlTemplate\":\"https:\\\/\\\/electricistaelcampello.es\\\/?s={search_term_string}\"},\"query-input\":{\"@type\":\"PropertyValueSpecification\",\"valueRequired\":true,\"valueName\":\"search_term_string\"}}],\"inLanguage\":\"nl-BE\"},{\"@type\":\"Organization\",\"@id\":\"https:\\\/\\\/electricistaelcampello.es\\\/#organization\",\"name\":\"Williams Electrics\",\"url\":\"https:\\\/\\\/electricistaelcampello.es\\\/\",\"logo\":{\"@type\":\"ImageObject\",\"inLanguage\":\"nl-BE\",\"@id\":\"https:\\\/\\\/electricistaelcampello.es\\\/#\\\/schema\\\/logo\\\/image\\\/\",\"url\":\"https:\\\/\\\/electricistaelcampello.es\\\/wp-content\\\/uploads\\\/2025\\\/02\\\/small-web-logoo.png\",\"contentUrl\":\"https:\\\/\\\/electricistaelcampello.es\\\/wp-content\\\/uploads\\\/2025\\\/02\\\/small-web-logoo.png\",\"width\":375,\"height\":91,\"caption\":\"Williams Electrics\"},\"image\":{\"@id\":\"https:\\\/\\\/electricistaelcampello.es\\\/#\\\/schema\\\/logo\\\/image\\\/\"},\"sameAs\":[\"https:\\\/\\\/www.facebook.com\\\/profile.php?id=61572624609208\"]}]}<\/script>\n<!-- \/ Yoast SEO plugin. -->","yoast_head_json":{"title":"Revisie van elektrische installaties - Williams Electrics","robots":{"index":"index","follow":"follow","max-snippet":"max-snippet:-1","max-image-preview":"max-image-preview:large","max-video-preview":"max-video-preview:-1"},"canonical":"https:\/\/electricistaelcampello.es\/nl\/controles-van-elektrische-installaties\/","og_locale":"nl_BE","og_type":"article","og_title":"Revisi\u00f3nes de Instalaci\u00f3nes El\u00e9ctricas - Williams Electrics","og_url":"https:\/\/electricistaelcampello.es\/nl\/controles-van-elektrische-installaties\/","og_site_name":"Williams Electrics","article_publisher":"https:\/\/www.facebook.com\/profile.php?id=61572624609208","article_modified_time":"2025-06-15T07:24:59+00:00","twitter_card":"summary_large_image","schema":{"@context":"https:\/\/schema.org","@graph":[{"@type":"WebPage","@id":"https:\/\/electricistaelcampello.es\/revisiones-de-instalaciones-electricas\/","url":"https:\/\/electricistaelcampello.es\/revisiones-de-instalaciones-electricas\/","name":"Revisie van elektrische installaties - Williams Electrics","isPartOf":{"@id":"https:\/\/electricistaelcampello.es\/#website"},"datePublished":"2025-01-24T20:32:38+00:00","dateModified":"2025-06-15T07:24:59+00:00","breadcrumb":{"@id":"https:\/\/electricistaelcampello.es\/revisiones-de-instalaciones-electricas\/#breadcrumb"},"inLanguage":"nl-BE","potentialAction":[{"@type":"ReadAction","target":["https:\/\/electricistaelcampello.es\/revisiones-de-instalaciones-electricas\/"]}]},{"@type":"BreadcrumbList","@id":"https:\/\/electricistaelcampello.es\/revisiones-de-instalaciones-electricas\/#breadcrumb","itemListElement":[{"@type":"ListItem","position":1,"name":"Home","item":"https:\/\/electricistaelcampello.es\/"},{"@type":"ListItem","position":2,"name":"Revisi\u00f3nes de Instalaci\u00f3nes El\u00e9ctricas"}]},{"@type":"WebSite","@id":"https:\/\/electricistaelcampello.es\/#website","url":"https:\/\/electricistaelcampello.es\/","name":"Williams Electrics","description":"Elektrotechnisch installatiebedrijf \/ Laagspanning","publisher":{"@id":"https:\/\/electricistaelcampello.es\/#organization"},"potentialAction":[{"@type":"SearchAction","target":{"@type":"EntryPoint","urlTemplate":"https:\/\/electricistaelcampello.es\/?s={search_term_string}"},"query-input":{"@type":"PropertyValueSpecification","valueRequired":true,"valueName":"search_term_string"}}],"inLanguage":"nl-BE"},{"@type":"Organization","@id":"https:\/\/electricistaelcampello.es\/#organization","name":"Williams Electrics","url":"https:\/\/electricistaelcampello.es\/","logo":{"@type":"ImageObject","inLanguage":"nl-BE","@id":"https:\/\/electricistaelcampello.es\/#\/schema\/logo\/image\/","url":"https:\/\/electricistaelcampello.es\/wp-content\/uploads\/2025\/02\/small-web-logoo.png","contentUrl":"https:\/\/electricistaelcampello.es\/wp-content\/uploads\/2025\/02\/small-web-logoo.png","width":375,"height":91,"caption":"Williams Electrics"},"image":{"@id":"https:\/\/electricistaelcampello.es\/#\/schema\/logo\/image\/"},"sameAs":["https:\/\/www.facebook.com\/profile.php?id=61572624609208"]}]}},"_links":{"self":[{"href":"http:\/\/electricistaelcampello.es\/nl\/wp-json\/wp\/v2\/pages\/277","targetHints":{"allow":["GET"]}}],"collection":[{"href":"http:\/\/electricistaelcampello.es\/nl\/wp-json\/wp\/v2\/pages"}],"about":[{"href":"http:\/\/electricistaelcampello.es\/nl\/wp-json\/wp\/v2\/types\/page"}],"author":[{"embeddable":true,"href":"http:\/\/electricistaelcampello.es\/nl\/wp-json\/wp\/v2\/users\/1"}],"replies":[{"embeddable":true,"href":"http:\/\/electricistaelcampello.es\/nl\/wp-json\/wp\/v2\/comments?post=277"}],"version-history":[{"count":3,"href":"http:\/\/electricistaelcampello.es\/nl\/wp-json\/wp\/v2\/pages\/277\/revisions"}],"predecessor-version":[{"id":707,"href":"http:\/\/electricistaelcampello.es\/nl\/wp-json\/wp\/v2\/pages\/277\/revisions\/707"}],"wp:attachment":[{"href":"http:\/\/electricistaelcampello.es\/nl\/wp-json\/wp\/v2\/media?parent=277"}],"curies":[{"name":"wp","href":"https:\/\/api.w.org\/{rel}","templated":true}]}}