{"id":388,"date":"2024-06-09T11:11:48","date_gmt":"2024-06-09T11:11:48","guid":{"rendered":"https:\/\/themedemos.cozythemes.com\/mighty-plumbers\/?page_id=17"},"modified":"2025-06-15T09:07:37","modified_gmt":"2025-06-15T07:07:37","slug":"a-propos-de-nous","status":"publish","type":"page","link":"https:\/\/electricistaelcampello.es\/fr\/about-us\/","title":{"rendered":"A propos de nous"},"content":{"rendered":"<main class=\"wp-block-group has-light-color-background-color has-background is-layout-constrained wp-container-core-group-is-layout-e6f1036d wp-block-group-is-layout-constrained\" style=\"margin-top:0;margin-bottom:0;padding-top:0;padding-right:0;padding-bottom:0;padding-left:0\">\n<div class=\"wp-block-cover wp-duotone-unset-1\" style=\"min-height:480px;aspect-ratio:unset;\"><img loading=\"lazy\" decoding=\"async\" width=\"1024\" height=\"768\" class=\"wp-block-cover__image-background wp-image-701 size-large\" alt=\"\" src=\"https:\/\/electricistaelcampello.es\/wp-content\/uploads\/2025\/06\/Imagen-de-WhatsApp-2025-05-12-a-las-15.17.24_0ba19037-1024x768.jpg\" data-object-fit=\"cover\" srcset=\"https:\/\/electricistaelcampello.es\/wp-content\/uploads\/2025\/06\/Imagen-de-WhatsApp-2025-05-12-a-las-15.17.24_0ba19037-1024x768.jpg 1024w, https:\/\/electricistaelcampello.es\/wp-content\/uploads\/2025\/06\/Imagen-de-WhatsApp-2025-05-12-a-las-15.17.24_0ba19037-300x225.jpg 300w, https:\/\/electricistaelcampello.es\/wp-content\/uploads\/2025\/06\/Imagen-de-WhatsApp-2025-05-12-a-las-15.17.24_0ba19037-768x576.jpg 768w, https:\/\/electricistaelcampello.es\/wp-content\/uploads\/2025\/06\/Imagen-de-WhatsApp-2025-05-12-a-las-15.17.24_0ba19037-1536x1152.jpg 1536w, https:\/\/electricistaelcampello.es\/wp-content\/uploads\/2025\/06\/Imagen-de-WhatsApp-2025-05-12-a-las-15.17.24_0ba19037-16x12.jpg 16w, https:\/\/electricistaelcampello.es\/wp-content\/uploads\/2025\/06\/Imagen-de-WhatsApp-2025-05-12-a-las-15.17.24_0ba19037.jpg 2000w\" sizes=\"auto, (max-width: 1024px) 100vw, 1024px\" \/><span aria-hidden=\"true\" class=\"wp-block-cover__background has-dark-color-background-color has-background-dim-30 has-background-dim\"><\/span><div class=\"wp-block-cover__inner-container is-layout-constrained wp-container-core-cover-is-layout-8d293084 wp-block-cover-is-layout-constrained\">\n<h1 class=\"wp-block-heading has-text-align-center has-light-color-color has-text-color has-link-color has-xxx-large-font-size wp-elements-fb97bd74ceb20cb09762822d9c752d53\" style=\"font-style:normal;font-weight:600\">A propos de nous<\/h1>\n\n\n\n<p><\/p>\n\n\n\n<h1 class=\"wp-block-heading has-text-align-center\">Vous cherchez un \u00e9lectricien fiable \u00e0 Alicante ? .... Ne cherchez plus !<\/h1>\n<\/div><\/div>\n\n\n\n<div class=\"wp-block-group is-layout-constrained wp-container-core-group-is-layout-c3f79fca wp-block-group-is-layout-constrained\" style=\"margin-top:0;margin-bottom:0;padding-top:var(--wp--preset--spacing--80);padding-right:var(--wp--preset--spacing--40);padding-bottom:var(--wp--preset--spacing--80);padding-left:var(--wp--preset--spacing--40)\">\n<p class=\"has-text-align-center\" style=\"font-size:clamp(14px, 0.875rem + ((1vw - 3.2px) * 0.244), 18px);\">Petite entreprise familiale offrant des services \u00e9lectriques personnels et professionnels en toute confiance. \u00e0 El Campello, desservant Alicante Capital jusqu'\u00e0 Benidorm.<\/p>\n\n\n\n<p>Notre objectif est de fournir un service personnalis\u00e9, amical et professionnel \u00e0 nos clients dans la province d'Alicante, \u00e0 partir d'Alicante Capital, <strong>San Juan<\/strong>, <strong>El Campello<\/strong> \u00e0 <strong>Villajoyosa<\/strong>.<\/p>\n\n\n\n<p>Nous sommes en mesure d'effectuer tous les types de travaux de r\u00e9paration \u00e9lectrique domestique, y compris le rec\u00e2blage complet d'installations nouvelles et anciennes. Nous sommes une entreprise d'installation basse tension enti\u00e8rement assur\u00e9e, capable de d\u00e9livrer des certificats (bulletins) \u00e0 nos clients. Notre \u00e9lectricien principal Ashley a plus de 20 ans d'exp\u00e9rience dans le secteur de l'\u00e9lectricit\u00e9 et est \u00e9galement bilingue en anglais et en espagnol apr\u00e8s avoir v\u00e9cu plus de 15 ans en Espagne.<\/p>\n\n\n\n<div class=\"wp-block-columns are-vertically-aligned-center is-layout-flex wp-container-core-columns-is-layout-180adb03 wp-block-columns-is-layout-flex\" style=\"margin-top:60px\">\n<div class=\"wp-block-column is-vertically-aligned-center is-layout-flow wp-block-column-is-layout-flow\">\n<figure class=\"wp-block-image size-full\"><img loading=\"lazy\" decoding=\"async\" width=\"1024\" height=\"576\" src=\"http:\/\/electricistaelcampello.es\/wp-content\/uploads\/2025\/01\/imagen_2025-01-21_183956018.png\" alt=\"\" class=\"wp-image-80\" srcset=\"https:\/\/electricistaelcampello.es\/wp-content\/uploads\/2025\/01\/imagen_2025-01-21_183956018.png 1024w, https:\/\/electricistaelcampello.es\/wp-content\/uploads\/2025\/01\/imagen_2025-01-21_183956018-300x169.png 300w, https:\/\/electricistaelcampello.es\/wp-content\/uploads\/2025\/01\/imagen_2025-01-21_183956018-768x432.png 768w\" sizes=\"auto, (max-width: 1024px) 100vw, 1024px\" \/><\/figure>\n<\/div>\n\n\n\n<div class=\"wp-block-column is-vertically-aligned-center is-layout-flow wp-block-column-is-layout-flow\"><\/div>\n<\/div>\n<\/div>\n<\/main>","protected":false},"excerpt":{"rendered":"<p>Petite entreprise familiale offrant des services \u00e9lectriques personnels et professionnels en toute confiance. Situ\u00e9e \u00e0 El Campello et desservant de la capitale d'Alicante \u00e0 Benidorm. Notre objectif est de fournir un service personnel, amical et professionnel \u00e0 nos clients dans la province d'Alicante, depuis Alicante Capital, San Juan, El Campello jusqu'\u00e0 Villajoyosa. Capable de r\u00e9aliser tous les types de...<\/p>","protected":false},"author":1,"featured_media":0,"parent":0,"menu_order":0,"comment_status":"closed","ping_status":"closed","template":"fullwidth-page-template","meta":{"footnotes":""},"class_list":["post-388","page","type-page","status-publish","hentry"],"yoast_head":"<!-- This site is optimized with the Yoast SEO plugin v27.4 - https:\/\/yoast.com\/product\/yoast-seo-wordpress\/ -->\n<title>Sobre Nosotros - Williams Electrics<\/title>\n<meta name=\"robots\" content=\"index, follow, max-snippet:-1, max-image-preview:large, max-video-preview:-1\" \/>\n<link rel=\"canonical\" href=\"https:\/\/electricistaelcampello.es\/fr\/a-propos-de-nous\/\" \/>\n<meta property=\"og:locale\" content=\"fr_FR\" \/>\n<meta property=\"og:type\" content=\"article\" \/>\n<meta property=\"og:title\" content=\"Sobre Nosotros - Williams Electrics\" \/>\n<meta property=\"og:description\" content=\"Peque\u00f1a empresa familiar que ofrece servicios el\u00e9ctricos personales y profesionales con total confianza. en El Campello al servicio de Alicante Capital a Benidorm. Dedicados a dar un servicio personalizado, amable y profesional a nuestros clientes en la provincia de Alicante, desde Alicante Capital, San Juan, El Campello hasta Villajoyosa. Capaz de realizar todo tipo de...\" \/>\n<meta property=\"og:url\" content=\"https:\/\/electricistaelcampello.es\/fr\/a-propos-de-nous\/\" \/>\n<meta property=\"og:site_name\" content=\"Williams Electrics\" \/>\n<meta property=\"article:publisher\" content=\"https:\/\/www.facebook.com\/profile.php?id=61572624609208\" \/>\n<meta property=\"article:modified_time\" content=\"2025-06-15T07:07:37+00:00\" \/>\n<meta property=\"og:image\" content=\"https:\/\/electricistaelcampello.es\/wp-content\/uploads\/2025\/06\/Imagen-de-WhatsApp-2025-05-12-a-las-15.17.24_0ba19037.jpg\" \/>\n\t<meta property=\"og:image:width\" content=\"2000\" \/>\n\t<meta property=\"og:image:height\" content=\"1500\" \/>\n\t<meta property=\"og:image:type\" content=\"image\/jpeg\" \/>\n<meta name=\"twitter:card\" content=\"summary_large_image\" \/>\n<meta name=\"twitter:label1\" content=\"Dur\u00e9e de lecture estim\u00e9e\" \/>\n\t<meta name=\"twitter:data1\" content=\"1 minute\" \/>\n<script type=\"application\/ld+json\" class=\"yoast-schema-graph\">{\"@context\":\"https:\\\/\\\/schema.org\",\"@graph\":[{\"@type\":\"WebPage\",\"@id\":\"https:\\\/\\\/electricistaelcampello.es\\\/about-us\\\/\",\"url\":\"https:\\\/\\\/electricistaelcampello.es\\\/about-us\\\/\",\"name\":\"Sobre Nosotros - Williams Electrics\",\"isPartOf\":{\"@id\":\"https:\\\/\\\/electricistaelcampello.es\\\/#website\"},\"primaryImageOfPage\":{\"@id\":\"https:\\\/\\\/electricistaelcampello.es\\\/about-us\\\/#primaryimage\"},\"image\":{\"@id\":\"https:\\\/\\\/electricistaelcampello.es\\\/about-us\\\/#primaryimage\"},\"thumbnailUrl\":\"https:\\\/\\\/electricistaelcampello.es\\\/wp-content\\\/uploads\\\/2025\\\/06\\\/Imagen-de-WhatsApp-2025-05-12-a-las-15.17.24_0ba19037-1024x768.jpg\",\"datePublished\":\"2024-06-09T11:11:48+00:00\",\"dateModified\":\"2025-06-15T07:07:37+00:00\",\"breadcrumb\":{\"@id\":\"https:\\\/\\\/electricistaelcampello.es\\\/about-us\\\/#breadcrumb\"},\"inLanguage\":\"fr-FR\",\"potentialAction\":[{\"@type\":\"ReadAction\",\"target\":[\"https:\\\/\\\/electricistaelcampello.es\\\/about-us\\\/\"]}]},{\"@type\":\"ImageObject\",\"inLanguage\":\"fr-FR\",\"@id\":\"https:\\\/\\\/electricistaelcampello.es\\\/about-us\\\/#primaryimage\",\"url\":\"https:\\\/\\\/electricistaelcampello.es\\\/wp-content\\\/uploads\\\/2025\\\/06\\\/Imagen-de-WhatsApp-2025-05-12-a-las-15.17.24_0ba19037-1024x768.jpg\",\"contentUrl\":\"https:\\\/\\\/electricistaelcampello.es\\\/wp-content\\\/uploads\\\/2025\\\/06\\\/Imagen-de-WhatsApp-2025-05-12-a-las-15.17.24_0ba19037-1024x768.jpg\"},{\"@type\":\"BreadcrumbList\",\"@id\":\"https:\\\/\\\/electricistaelcampello.es\\\/about-us\\\/#breadcrumb\",\"itemListElement\":[{\"@type\":\"ListItem\",\"position\":1,\"name\":\"Home\",\"item\":\"https:\\\/\\\/electricistaelcampello.es\\\/\"},{\"@type\":\"ListItem\",\"position\":2,\"name\":\"Sobre Nosotros\"}]},{\"@type\":\"WebSite\",\"@id\":\"https:\\\/\\\/electricistaelcampello.es\\\/#website\",\"url\":\"https:\\\/\\\/electricistaelcampello.es\\\/\",\"name\":\"Williams Electrics\",\"description\":\"Empresa Instaladora El\u00e9ctrica \\\/ Baja Tension\",\"publisher\":{\"@id\":\"https:\\\/\\\/electricistaelcampello.es\\\/#organization\"},\"potentialAction\":[{\"@type\":\"SearchAction\",\"target\":{\"@type\":\"EntryPoint\",\"urlTemplate\":\"https:\\\/\\\/electricistaelcampello.es\\\/?s={search_term_string}\"},\"query-input\":{\"@type\":\"PropertyValueSpecification\",\"valueRequired\":true,\"valueName\":\"search_term_string\"}}],\"inLanguage\":\"fr-FR\"},{\"@type\":\"Organization\",\"@id\":\"https:\\\/\\\/electricistaelcampello.es\\\/#organization\",\"name\":\"Williams Electrics\",\"url\":\"https:\\\/\\\/electricistaelcampello.es\\\/\",\"logo\":{\"@type\":\"ImageObject\",\"inLanguage\":\"fr-FR\",\"@id\":\"https:\\\/\\\/electricistaelcampello.es\\\/#\\\/schema\\\/logo\\\/image\\\/\",\"url\":\"https:\\\/\\\/electricistaelcampello.es\\\/wp-content\\\/uploads\\\/2025\\\/02\\\/small-web-logoo.png\",\"contentUrl\":\"https:\\\/\\\/electricistaelcampello.es\\\/wp-content\\\/uploads\\\/2025\\\/02\\\/small-web-logoo.png\",\"width\":375,\"height\":91,\"caption\":\"Williams Electrics\"},\"image\":{\"@id\":\"https:\\\/\\\/electricistaelcampello.es\\\/#\\\/schema\\\/logo\\\/image\\\/\"},\"sameAs\":[\"https:\\\/\\\/www.facebook.com\\\/profile.php?id=61572624609208\"]}]}<\/script>\n<!-- \/ Yoast SEO plugin. -->","yoast_head_json":{"title":"\u00c0 propos de nous - Williams Electrics","robots":{"index":"index","follow":"follow","max-snippet":"max-snippet:-1","max-image-preview":"max-image-preview:large","max-video-preview":"max-video-preview:-1"},"canonical":"https:\/\/electricistaelcampello.es\/fr\/a-propos-de-nous\/","og_locale":"fr_FR","og_type":"article","og_title":"Sobre Nosotros - Williams Electrics","og_description":"Peque\u00f1a empresa familiar que ofrece servicios el\u00e9ctricos personales y profesionales con total confianza. en El Campello al servicio de Alicante Capital a Benidorm. Dedicados a dar un servicio personalizado, amable y profesional a nuestros clientes en la provincia de Alicante, desde Alicante Capital, San Juan, El Campello hasta Villajoyosa. Capaz de realizar todo tipo de...","og_url":"https:\/\/electricistaelcampello.es\/fr\/a-propos-de-nous\/","og_site_name":"Williams Electrics","article_publisher":"https:\/\/www.facebook.com\/profile.php?id=61572624609208","article_modified_time":"2025-06-15T07:07:37+00:00","og_image":[{"width":2000,"height":1500,"url":"https:\/\/electricistaelcampello.es\/wp-content\/uploads\/2025\/06\/Imagen-de-WhatsApp-2025-05-12-a-las-15.17.24_0ba19037.jpg","type":"image\/jpeg"}],"twitter_card":"summary_large_image","twitter_misc":{"Dur\u00e9e de lecture estim\u00e9e":"1 minute"},"schema":{"@context":"https:\/\/schema.org","@graph":[{"@type":"WebPage","@id":"https:\/\/electricistaelcampello.es\/about-us\/","url":"https:\/\/electricistaelcampello.es\/about-us\/","name":"\u00c0 propos de nous - Williams Electrics","isPartOf":{"@id":"https:\/\/electricistaelcampello.es\/#website"},"primaryImageOfPage":{"@id":"https:\/\/electricistaelcampello.es\/about-us\/#primaryimage"},"image":{"@id":"https:\/\/electricistaelcampello.es\/about-us\/#primaryimage"},"thumbnailUrl":"https:\/\/electricistaelcampello.es\/wp-content\/uploads\/2025\/06\/Imagen-de-WhatsApp-2025-05-12-a-las-15.17.24_0ba19037-1024x768.jpg","datePublished":"2024-06-09T11:11:48+00:00","dateModified":"2025-06-15T07:07:37+00:00","breadcrumb":{"@id":"https:\/\/electricistaelcampello.es\/about-us\/#breadcrumb"},"inLanguage":"fr-FR","potentialAction":[{"@type":"ReadAction","target":["https:\/\/electricistaelcampello.es\/about-us\/"]}]},{"@type":"ImageObject","inLanguage":"fr-FR","@id":"https:\/\/electricistaelcampello.es\/about-us\/#primaryimage","url":"https:\/\/electricistaelcampello.es\/wp-content\/uploads\/2025\/06\/Imagen-de-WhatsApp-2025-05-12-a-las-15.17.24_0ba19037-1024x768.jpg","contentUrl":"https:\/\/electricistaelcampello.es\/wp-content\/uploads\/2025\/06\/Imagen-de-WhatsApp-2025-05-12-a-las-15.17.24_0ba19037-1024x768.jpg"},{"@type":"BreadcrumbList","@id":"https:\/\/electricistaelcampello.es\/about-us\/#breadcrumb","itemListElement":[{"@type":"ListItem","position":1,"name":"Home","item":"https:\/\/electricistaelcampello.es\/"},{"@type":"ListItem","position":2,"name":"Sobre Nosotros"}]},{"@type":"WebSite","@id":"https:\/\/electricistaelcampello.es\/#website","url":"https:\/\/electricistaelcampello.es\/","name":"Williams Electrics","description":"Entreprise d'installation \u00e9lectrique \/ Basse tension","publisher":{"@id":"https:\/\/electricistaelcampello.es\/#organization"},"potentialAction":[{"@type":"SearchAction","target":{"@type":"EntryPoint","urlTemplate":"https:\/\/electricistaelcampello.es\/?s={search_term_string}"},"query-input":{"@type":"PropertyValueSpecification","valueRequired":true,"valueName":"search_term_string"}}],"inLanguage":"fr-FR"},{"@type":"Organization","@id":"https:\/\/electricistaelcampello.es\/#organization","name":"Williams Electrics","url":"https:\/\/electricistaelcampello.es\/","logo":{"@type":"ImageObject","inLanguage":"fr-FR","@id":"https:\/\/electricistaelcampello.es\/#\/schema\/logo\/image\/","url":"https:\/\/electricistaelcampello.es\/wp-content\/uploads\/2025\/02\/small-web-logoo.png","contentUrl":"https:\/\/electricistaelcampello.es\/wp-content\/uploads\/2025\/02\/small-web-logoo.png","width":375,"height":91,"caption":"Williams Electrics"},"image":{"@id":"https:\/\/electricistaelcampello.es\/#\/schema\/logo\/image\/"},"sameAs":["https:\/\/www.facebook.com\/profile.php?id=61572624609208"]}]}},"_links":{"self":[{"href":"https:\/\/electricistaelcampello.es\/fr\/wp-json\/wp\/v2\/pages\/388","targetHints":{"allow":["GET"]}}],"collection":[{"href":"https:\/\/electricistaelcampello.es\/fr\/wp-json\/wp\/v2\/pages"}],"about":[{"href":"https:\/\/electricistaelcampello.es\/fr\/wp-json\/wp\/v2\/types\/page"}],"author":[{"embeddable":true,"href":"https:\/\/electricistaelcampello.es\/fr\/wp-json\/wp\/v2\/users\/1"}],"replies":[{"embeddable":true,"href":"https:\/\/electricistaelcampello.es\/fr\/wp-json\/wp\/v2\/comments?post=388"}],"version-history":[{"count":13,"href":"https:\/\/electricistaelcampello.es\/fr\/wp-json\/wp\/v2\/pages\/388\/revisions"}],"predecessor-version":[{"id":704,"href":"https:\/\/electricistaelcampello.es\/fr\/wp-json\/wp\/v2\/pages\/388\/revisions\/704"}],"wp:attachment":[{"href":"https:\/\/electricistaelcampello.es\/fr\/wp-json\/wp\/v2\/media?parent=388"}],"curies":[{"name":"wp","href":"https:\/\/api.w.org\/{rel}","templated":true}]}}